{"id":7386,"date":"2021-12-05T22:15:56","date_gmt":"2021-12-05T22:15:56","guid":{"rendered":"https:\/\/daf.efxaristo.eu\/?page_id=7386"},"modified":"2022-05-08T01:05:11","modified_gmt":"2022-05-08T01:05:11","slug":"bau-von-denkmalern","status":"publish","type":"page","link":"https:\/\/daferera.de\/el\/bau-von-denkmalern\/","title":{"rendered":"\u039a\u03b1\u03c4\u03b1\u03c3\u03ba\u03b5\u03c5\u03ae \u039c\u03bd\u03b7\u03bc\u03b5\u03af\u03c9\u03bd"},"content":{"rendered":"<div data-elementor-type=\"wp-page\" data-elementor-id=\"7386\" class=\"elementor elementor-7386\" data-elementor-post-type=\"page\">\n\t\t\t\t\t\t<div class=\"elementor-section elementor-top-section elementor-element elementor-element-d4c7762 elementor-section-boxed elementor-section-height-default elementor-section-height-default\" data-id=\"d4c7762\" data-element_type=\"section\">\n\t\t\t\t\t\t<div class=\"elementor-container elementor-column-gap-default\">\n\t\t\t\t\t<div class=\"elementor-column elementor-col-100 elementor-top-column elementor-element elementor-element-7594dbd\" data-id=\"7594dbd\" data-element_type=\"column\">\n\t\t\t<div class=\"elementor-widget-wrap elementor-element-populated\">\n\t\t\t\t\t\t<div class=\"elementor-element elementor-element-aa00181 elementor-widget elementor-widget-image\" data-id=\"aa00181\" data-element_type=\"widget\" data-settings=\"{&quot;_animation&quot;:&quot;none&quot;}\" data-widget_type=\"image.default\">\n\t\t\t\t<div class=\"elementor-widget-container\">\n\t\t\t\t\t\t\t\t\t\t\t\t\t\t\t<img fetchpriority=\"high\" decoding=\"async\" width=\"1600\" height=\"1068\" src=\"https:\/\/daferera.de\/wp-content\/uploads\/2021\/12\/rose-cemetery-with-headstone-scaled.jpg\" class=\"attachment-full size-full wp-image-7230\" alt=\"Bau von Denkm\u00e4lern\" srcset=\"https:\/\/daferera.de\/wp-content\/uploads\/2021\/12\/rose-cemetery-with-headstone-scaled.jpg 1600w, https:\/\/daferera.de\/wp-content\/uploads\/2021\/12\/rose-cemetery-with-headstone-scaled-300x200.jpg 300w, https:\/\/daferera.de\/wp-content\/uploads\/2021\/12\/rose-cemetery-with-headstone-scaled-1024x684.jpg 1024w, https:\/\/daferera.de\/wp-content\/uploads\/2021\/12\/rose-cemetery-with-headstone-scaled-768x513.jpg 768w, https:\/\/daferera.de\/wp-content\/uploads\/2021\/12\/rose-cemetery-with-headstone-scaled-1536x1025.jpg 1536w, https:\/\/daferera.de\/wp-content\/uploads\/2021\/12\/rose-cemetery-with-headstone-scaled-2048x1367.jpg 2048w, https:\/\/daferera.de\/wp-content\/uploads\/2021\/12\/rose-cemetery-with-headstone-scaled-18x12.jpg 18w, https:\/\/daferera.de\/wp-content\/uploads\/2021\/12\/rose-cemetery-with-headstone-scaled-500x334.jpg 500w\" sizes=\"(max-width: 1600px) 100vw, 1600px\" \/>\t\t\t\t\t\t\t\t\t\t\t\t\t\t\t<\/div>\n\t\t\t\t<\/div>\n\t\t\t\t\t<\/div>\n\t\t<\/div>\n\t\t\t\t\t<\/div>\n\t\t<\/div>\n\t\t\t\t<div class=\"elementor-section elementor-top-section elementor-element elementor-element-a8040ef elementor-section-boxed elementor-section-height-default elementor-section-height-default\" data-id=\"a8040ef\" data-element_type=\"section\">\n\t\t\t\t\t\t<div class=\"elementor-container elementor-column-gap-default\">\n\t\t\t\t\t<div class=\"elementor-column elementor-col-100 elementor-top-column elementor-element elementor-element-4cbde33\" data-id=\"4cbde33\" data-element_type=\"column\">\n\t\t\t<div class=\"elementor-widget-wrap elementor-element-populated\">\n\t\t\t\t\t\t<div class=\"elementor-element elementor-element-4fa6f95 elementor-widget-divider--view-line_icon elementor-widget-divider--separator-type-pattern elementor-view-default elementor-widget-divider--element-align-center elementor-widget elementor-widget-divider\" data-id=\"4fa6f95\" data-element_type=\"widget\" data-widget_type=\"divider.default\">\n\t\t\t\t<div class=\"elementor-widget-container\">\n\t\t\t\t\t\t\t<div class=\"elementor-divider\" style=\"--divider-pattern-url: url(&quot;data:image\/svg+xml,%3Csvg xmlns=&#039;http:\/\/www.w3.org\/2000\/svg&#039; preserveAspectRatio=&#039;none&#039; overflow=&#039;visible&#039; height=&#039;100%&#039; viewBox=&#039;0 0 24 24&#039; fill=&#039;none&#039; stroke=&#039;black&#039; stroke-width=&#039;1&#039; stroke-linecap=&#039;square&#039; stroke-miterlimit=&#039;10&#039;%3E%3Cpath d=&#039;M0,6c6,0,0.9,11.1,6.9,11.1S18,6,24,6&#039;\/%3E%3C\/svg%3E&quot;);\">\n\t\t\t<span class=\"elementor-divider-separator\">\n\t\t\t\t\t\t\t<div class=\"elementor-icon elementor-divider__element\">\n\t\t\t\t\t<i aria-hidden=\"true\" class=\"fas fa-cross\"><\/i><\/div>\n\t\t\t\t\t\t<\/span>\n\t\t<\/div>\n\t\t\t\t\t\t<\/div>\n\t\t\t\t<\/div>\n\t\t\t\t\t<\/div>\n\t\t<\/div>\n\t\t\t\t\t<\/div>\n\t\t<\/div>\n\t\t\t\t<div class=\"elementor-section elementor-top-section elementor-element elementor-element-c1f61ff elementor-section-boxed elementor-section-height-default elementor-section-height-default\" data-id=\"c1f61ff\" data-element_type=\"section\">\n\t\t\t\t\t\t<div class=\"elementor-container elementor-column-gap-default\">\n\t\t\t\t\t<div class=\"elementor-column elementor-col-100 elementor-top-column elementor-element elementor-element-35e9250\" data-id=\"35e9250\" data-element_type=\"column\">\n\t\t\t<div class=\"elementor-widget-wrap elementor-element-populated\">\n\t\t\t\t\t\t<div class=\"elementor-element elementor-element-beb6429 elementor-widget elementor-widget-heading\" data-id=\"beb6429\" data-element_type=\"widget\" data-widget_type=\"heading.default\">\n\t\t\t\t<div class=\"elementor-widget-container\">\n\t\t\t\t\t<h1 class=\"elementor-heading-title elementor-size-default\">\u039a\u03b1\u03c4\u03b1\u03c3\u03ba\u03b5\u03c5\u03ae \u039c\u03bd\u03b7\u03bc\u03b5\u03af\u03c9\u03bd \n\n<\/h1>\t\t\t\t<\/div>\n\t\t\t\t<\/div>\n\t\t\t\t\t<\/div>\n\t\t<\/div>\n\t\t\t\t\t<\/div>\n\t\t<\/div>\n\t\t\t\t<section class=\"elementor-section elementor-top-section elementor-element elementor-element-be2658b elementor-section-boxed elementor-section-height-default elementor-section-height-default\" data-id=\"be2658b\" data-element_type=\"section\">\n\t\t\t\t\t\t<div class=\"elementor-container elementor-column-gap-default\">\n\t\t\t\t\t<div class=\"elementor-column elementor-col-100 elementor-top-column elementor-element elementor-element-308a37a\" data-id=\"308a37a\" data-element_type=\"column\">\n\t\t\t<div class=\"elementor-widget-wrap elementor-element-populated\">\n\t\t\t\t\t\t<div class=\"elementor-element elementor-element-b9880a6 elementor-widget elementor-widget-text-editor\" data-id=\"b9880a6\" data-element_type=\"widget\" data-widget_type=\"text-editor.default\">\n\t\t\t\t<div class=\"elementor-widget-container\">\n\t\t\t\t\t\t\t\t\t<section id=\"section-id-1610378193314\" class=\"sppb-section\"><div class=\"sppb-row-container\"><div class=\"sppb-row\"><div id=\"column-wrap-id-1610378193313\" class=\"sppb-col-md-12\"><div id=\"column-id-1610378193313\" class=\"sppb-column\"><div class=\"sppb-column-addons\"><div id=\"sppb-addon-wrapper-1610378193317\" class=\"sppb-addon-wrapper\"><div id=\"sppb-addon-1610378193317\" class=\"clearfix\"><div class=\"sppb-addon sppb-addon-text-block sppb-text-center\"><div class=\"sppb-addon-content\"><a href=\"https:\/\/daferera.de\/el\/about-us\/\">\u03a4\u03bf \u03b3\u03c1\u03b1\u03c6\u03b5\u03af\u03bf \u03bc\u03b1\u03c2 \u03b1\u03bd\u03b1\u03bb\u03b1\u03bc\u03b2\u03ac\u03bd\u03b5\u03b9<\/a> \u03c3\u03b5 \u03c3\u03c5\u03bd\u03b5\u03c1\u03b3\u03b1\u03c3\u03af\u03b1 \u03bc\u03b5 \u03b5\u03c1\u03b3\u03bf\u03bb\u03ac\u03b2\u03bf\u03c5\u03c2, \u03c4\u03b7 \u03ba\u03b1\u03c4\u03b1\u03c3\u03ba\u03b5\u03c5\u03ae \u03c4\u03c9\u03bd \u03bc\u03bd\u03b7\u03bc\u03b5\u03af\u03c9\u03bd \u03c0\u03bf\u03c5 \u03b5\u03c0\u03b9\u03b8\u03c5\u03bc\u03b5\u03af \u03b7 \u03bf\u03b9\u03ba\u03bf\u03b3\u03ad\u03bd\u03b5\u03b9\u03b1 \u03c4\u03bf\u03c5 \u03b5\u03ba\u03bb\u03b9\u03c0\u03cc\u03bd\u03c4\u03bf\u03c2,<\/div><div class=\"sppb-addon-content\">\u03b3\u03b9\u03b1 \u03bd\u03b1 \u03c4\u03b9\u03bc\u03ae\u03c3\u03bf\u03c5\u03bc\u03b5 \u03c4\u03b7 \u03bc\u03bd\u03ae\u03bc\u03b7 \u03c4\u03bf\u03c5 \u03bc\u03b5 \u03b5\u03c5\u03bb\u03ac\u03b2\u03b5\u03b9\u03b1.<\/div><\/div><\/div><\/div><\/div><\/div><\/div><\/div><\/div><\/section><section id=\"section-id-1610378193312\" class=\"sppb-section\"><div class=\"sppb-row-container\"><div class=\"sppb-row\"><div id=\"column-wrap-id-1610378193311\" class=\"sppb-col-md-12\"><div id=\"column-id-1610378193311\" class=\"sppb-column\">\u00a0<\/div><\/div><\/div><\/div><\/section>\t\t\t\t\t\t\t\t<\/div>\n\t\t\t\t<\/div>\n\t\t\t\t\t<\/div>\n\t\t<\/div>\n\t\t\t\t\t<\/div>\n\t\t<\/section>\n\t\t\t\t<section class=\"elementor-section elementor-top-section elementor-element elementor-element-c3301f7 elementor-section-boxed elementor-section-height-default elementor-section-height-default\" data-id=\"c3301f7\" data-element_type=\"section\">\n\t\t\t\t\t\t<div class=\"elementor-container elementor-column-gap-default\">\n\t\t\t\t\t<div class=\"elementor-column elementor-col-100 elementor-top-column elementor-element elementor-element-0c1a081\" data-id=\"0c1a081\" data-element_type=\"column\">\n\t\t\t<div class=\"elementor-widget-wrap elementor-element-populated\">\n\t\t\t\t\t\t<div class=\"elementor-element elementor-element-0246b19 elementor-mobile-align-center animated-fast elementor-invisible elementor-widget elementor-widget-button\" data-id=\"0246b19\" data-element_type=\"widget\" data-settings=\"{&quot;_animation&quot;:&quot;opal-move-right&quot;}\" data-widget_type=\"button.default\">\n\t\t\t\t<div class=\"elementor-widget-container\">\n\t\t\t\t\t\t\t\t\t<div class=\"elementor-button-wrapper\">\n\t\t\t\t\t<a class=\"elementor-button elementor-button-link elementor-size-lg\" href=\"https:\/\/daferera.de\/el\/contact\/\">\n\t\t\t\t\t\t<span class=\"elementor-button-content-wrapper\">\n\t\t\t\t\t\t\t\t\t<span class=\"elementor-button-text\">\u0395\u03c0\u03b9\u03ba\u03bf\u03b9\u03bd\u03c9\u03bd\u03ae\u03c3\u03c4\u03b5 \u03bc\u03b1\u03b6\u03af \u03bc\u03b1\u03c2<\/span>\n\t\t\t\t\t<\/span>\n\t\t\t\t\t<\/a>\n\t\t\t\t<\/div>\n\t\t\t\t\t\t\t\t<\/div>\n\t\t\t\t<\/div>\n\t\t\t\t\t<\/div>\n\t\t<\/div>\n\t\t\t\t\t<\/div>\n\t\t<\/section>\n\t\t\t\t<\/div>","protected":false},"excerpt":{"rendered":"<p>Bau von Denkm\u00e4lern Unser B\u00fcro \u00fcbernimmt in Zusammenarbeit mit Auftragnehmern den Bau der von der Familie des Verstorbenen gew\u00fcnschten Denkm\u00e4ler,um sein Andenken mit Ehrfurcht zu ehren. \u00a0 kontaktiere uns<\/p>","protected":false},"author":1,"featured_media":0,"parent":0,"menu_order":6,"comment_status":"closed","ping_status":"closed","template":"elementor_header_footer","meta":{"inline_featured_image":false,"footnotes":""},"class_list":["post-7386","page","type-page","status-publish","hentry"],"yoast_head":"<!-- This site is optimized with the Yoast SEO plugin v26.5 - https:\/\/yoast.com\/wordpress\/plugins\/seo\/ -->\n<title>Bau von Denkm\u00e4lern - Daferera<\/title>\n<meta name=\"robots\" content=\"index, follow, max-snippet:-1, max-image-preview:large, max-video-preview:-1\" \/>\n<link rel=\"canonical\" href=\"https:\/\/daferera.de\/el\/bau-von-denkmalern\/\" \/>\n<meta property=\"og:locale\" content=\"el_GR\" \/>\n<meta property=\"og:type\" content=\"article\" \/>\n<meta property=\"og:title\" content=\"Bau von Denkm\u00e4lern - Daferera\" \/>\n<meta property=\"og:description\" content=\"Bau von Denkm\u00e4lern Unser B\u00fcro \u00fcbernimmt in Zusammenarbeit mit Auftragnehmern den Bau der von der Familie des Verstorbenen gew\u00fcnschten Denkm\u00e4ler,um sein Andenken mit Ehrfurcht zu ehren. \u00a0 kontaktiere uns\" \/>\n<meta property=\"og:url\" content=\"https:\/\/daferera.de\/el\/bau-von-denkmalern\/\" \/>\n<meta property=\"og:site_name\" content=\"Daferera\" \/>\n<meta property=\"article:publisher\" content=\"https:\/\/www.facebook.com\/%ce%93%cf%81%ce%b1%cf%86%ce%b5%ce%af%ce%b1-%ce%a4%ce%b5%ce%bb%ce%b5%cf%84%cf%8e%ce%bd-%ce%94%ce%b1%cf%86%ce%b5%cf%81%ce%ad%cf%81%ce%b1-Bestattungen-Daferera-348638208483869\/\" \/>\n<meta property=\"article:modified_time\" content=\"2022-05-08T01:05:11+00:00\" \/>\n<meta property=\"og:image\" content=\"https:\/\/daferera.de\/wp-content\/uploads\/2021\/12\/rose-cemetery-with-headstone-scaled.jpg\" \/>\n<meta name=\"twitter:card\" content=\"summary_large_image\" \/>\n<meta name=\"twitter:label1\" content=\"\u0395\u03ba\u03c4\u03b9\u03bc\u03ce\u03bc\u03b5\u03bd\u03bf\u03c2 \u03c7\u03c1\u03cc\u03bd\u03bf\u03c2 \u03b1\u03bd\u03ac\u03b3\u03bd\u03c9\u03c3\u03b7\u03c2\" \/>\n\t<meta name=\"twitter:data1\" content=\"1 \u03bb\u03b5\u03c0\u03c4\u03cc\" \/>\n<script type=\"application\/ld+json\" class=\"yoast-schema-graph\">{\"@context\":\"https:\/\/schema.org\",\"@graph\":[{\"@type\":\"WebPage\",\"@id\":\"https:\/\/daferera.de\/bau-von-denkmalern\/\",\"url\":\"https:\/\/daferera.de\/bau-von-denkmalern\/\",\"name\":\"Bau von Denkm\u00e4lern - Daferera\",\"isPartOf\":{\"@id\":\"https:\/\/daferera.de\/#website\"},\"primaryImageOfPage\":{\"@id\":\"https:\/\/daferera.de\/bau-von-denkmalern\/#primaryimage\"},\"image\":{\"@id\":\"https:\/\/daferera.de\/bau-von-denkmalern\/#primaryimage\"},\"thumbnailUrl\":\"https:\/\/daferera.de\/wp-content\/uploads\/2021\/12\/rose-cemetery-with-headstone-scaled.jpg\",\"datePublished\":\"2021-12-05T22:15:56+00:00\",\"dateModified\":\"2022-05-08T01:05:11+00:00\",\"breadcrumb\":{\"@id\":\"https:\/\/daferera.de\/bau-von-denkmalern\/#breadcrumb\"},\"inLanguage\":\"el\",\"potentialAction\":[{\"@type\":\"ReadAction\",\"target\":[\"https:\/\/daferera.de\/bau-von-denkmalern\/\"]}]},{\"@type\":\"ImageObject\",\"inLanguage\":\"el\",\"@id\":\"https:\/\/daferera.de\/bau-von-denkmalern\/#primaryimage\",\"url\":\"https:\/\/daferera.de\/wp-content\/uploads\/2021\/12\/rose-cemetery-with-headstone-scaled.jpg\",\"contentUrl\":\"https:\/\/daferera.de\/wp-content\/uploads\/2021\/12\/rose-cemetery-with-headstone-scaled.jpg\"},{\"@type\":\"BreadcrumbList\",\"@id\":\"https:\/\/daferera.de\/bau-von-denkmalern\/#breadcrumb\",\"itemListElement\":[{\"@type\":\"ListItem\",\"position\":1,\"name\":\"Home\",\"item\":\"https:\/\/daferera.de\/\"},{\"@type\":\"ListItem\",\"position\":2,\"name\":\"Bau von Denkm\u00e4lern\"}]},{\"@type\":\"WebSite\",\"@id\":\"https:\/\/daferera.de\/#website\",\"url\":\"https:\/\/daferera.de\/\",\"name\":\"Daferera\",\"description\":\"Bestattungsdienste\",\"publisher\":{\"@id\":\"https:\/\/daferera.de\/#organization\"},\"potentialAction\":[{\"@type\":\"SearchAction\",\"target\":{\"@type\":\"EntryPoint\",\"urlTemplate\":\"https:\/\/daferera.de\/?s={search_term_string}\"},\"query-input\":{\"@type\":\"PropertyValueSpecification\",\"valueRequired\":true,\"valueName\":\"search_term_string\"}}],\"inLanguage\":\"el\"},{\"@type\":\"Organization\",\"@id\":\"https:\/\/daferera.de\/#organization\",\"name\":\"Bestattungen DAFERERA\",\"url\":\"https:\/\/daferera.de\/\",\"logo\":{\"@type\":\"ImageObject\",\"inLanguage\":\"el\",\"@id\":\"https:\/\/daferera.de\/#\/schema\/logo\/image\/\",\"url\":\"https:\/\/daferera.de\/wp-content\/uploads\/2022\/01\/Daferera-german-logo-1.png\",\"contentUrl\":\"https:\/\/daferera.de\/wp-content\/uploads\/2022\/01\/Daferera-german-logo-1.png\",\"width\":1188,\"height\":423,\"caption\":\"Bestattungen DAFERERA\"},\"image\":{\"@id\":\"https:\/\/daferera.de\/#\/schema\/logo\/image\/\"},\"sameAs\":[\"https:\/\/www.facebook.com\/\u0393\u03c1\u03b1\u03c6\u03b5\u03af\u03b1-\u03a4\u03b5\u03bb\u03b5\u03c4\u03ce\u03bd-\u0394\u03b1\u03c6\u03b5\u03c1\u03ad\u03c1\u03b1-Bestattungen-Daferera-348638208483869\/\"]}]}<\/script>\n<!-- \/ Yoast SEO plugin. -->","yoast_head_json":{"title":"Bau von Denkm\u00e4lern - Daferera","robots":{"index":"index","follow":"follow","max-snippet":"max-snippet:-1","max-image-preview":"max-image-preview:large","max-video-preview":"max-video-preview:-1"},"canonical":"https:\/\/daferera.de\/el\/bau-von-denkmalern\/","og_locale":"el_GR","og_type":"article","og_title":"Bau von Denkm\u00e4lern - Daferera","og_description":"Bau von Denkm\u00e4lern Unser B\u00fcro \u00fcbernimmt in Zusammenarbeit mit Auftragnehmern den Bau der von der Familie des Verstorbenen gew\u00fcnschten Denkm\u00e4ler,um sein Andenken mit Ehrfurcht zu ehren. \u00a0 kontaktiere uns","og_url":"https:\/\/daferera.de\/el\/bau-von-denkmalern\/","og_site_name":"Daferera","article_publisher":"https:\/\/www.facebook.com\/%ce%93%cf%81%ce%b1%cf%86%ce%b5%ce%af%ce%b1-%ce%a4%ce%b5%ce%bb%ce%b5%cf%84%cf%8e%ce%bd-%ce%94%ce%b1%cf%86%ce%b5%cf%81%ce%ad%cf%81%ce%b1-Bestattungen-Daferera-348638208483869\/","article_modified_time":"2022-05-08T01:05:11+00:00","og_image":[{"url":"https:\/\/daferera.de\/wp-content\/uploads\/2021\/12\/rose-cemetery-with-headstone-scaled.jpg","type":"","width":"","height":""}],"twitter_card":"summary_large_image","twitter_misc":{"\u0395\u03ba\u03c4\u03b9\u03bc\u03ce\u03bc\u03b5\u03bd\u03bf\u03c2 \u03c7\u03c1\u03cc\u03bd\u03bf\u03c2 \u03b1\u03bd\u03ac\u03b3\u03bd\u03c9\u03c3\u03b7\u03c2":"1 \u03bb\u03b5\u03c0\u03c4\u03cc"},"schema":{"@context":"https:\/\/schema.org","@graph":[{"@type":"WebPage","@id":"https:\/\/daferera.de\/bau-von-denkmalern\/","url":"https:\/\/daferera.de\/bau-von-denkmalern\/","name":"Bau von Denkm\u00e4lern - Daferera","isPartOf":{"@id":"https:\/\/daferera.de\/#website"},"primaryImageOfPage":{"@id":"https:\/\/daferera.de\/bau-von-denkmalern\/#primaryimage"},"image":{"@id":"https:\/\/daferera.de\/bau-von-denkmalern\/#primaryimage"},"thumbnailUrl":"https:\/\/daferera.de\/wp-content\/uploads\/2021\/12\/rose-cemetery-with-headstone-scaled.jpg","datePublished":"2021-12-05T22:15:56+00:00","dateModified":"2022-05-08T01:05:11+00:00","breadcrumb":{"@id":"https:\/\/daferera.de\/bau-von-denkmalern\/#breadcrumb"},"inLanguage":"el","potentialAction":[{"@type":"ReadAction","target":["https:\/\/daferera.de\/bau-von-denkmalern\/"]}]},{"@type":"ImageObject","inLanguage":"el","@id":"https:\/\/daferera.de\/bau-von-denkmalern\/#primaryimage","url":"https:\/\/daferera.de\/wp-content\/uploads\/2021\/12\/rose-cemetery-with-headstone-scaled.jpg","contentUrl":"https:\/\/daferera.de\/wp-content\/uploads\/2021\/12\/rose-cemetery-with-headstone-scaled.jpg"},{"@type":"BreadcrumbList","@id":"https:\/\/daferera.de\/bau-von-denkmalern\/#breadcrumb","itemListElement":[{"@type":"ListItem","position":1,"name":"Home","item":"https:\/\/daferera.de\/"},{"@type":"ListItem","position":2,"name":"Bau von Denkm\u00e4lern"}]},{"@type":"WebSite","@id":"https:\/\/daferera.de\/#website","url":"https:\/\/daferera.de\/","name":"\u0393\u03c1\u03b1\u03c6\u03b5\u03af\u03b1 \u03a4\u03b5\u03bb\u03b5\u03c4\u03ce\u03bd \"\u0394\u03b1\u03c6\u03b5\u03c1\u03ad\u03c1\u03b1\"","description":"\u03a5\u03c0\u03b7\u03c1\u03b5\u03c3\u03af\u03b5\u03c2 \u03ba\u03b7\u03b4\u03b5\u03b9\u03ce\u03bd","publisher":{"@id":"https:\/\/daferera.de\/#organization"},"potentialAction":[{"@type":"SearchAction","target":{"@type":"EntryPoint","urlTemplate":"https:\/\/daferera.de\/?s={search_term_string}"},"query-input":{"@type":"PropertyValueSpecification","valueRequired":true,"valueName":"search_term_string"}}],"inLanguage":"el"},{"@type":"Organization","@id":"https:\/\/daferera.de\/#organization","name":"Bestattungen DAFERERA","url":"https:\/\/daferera.de\/","logo":{"@type":"ImageObject","inLanguage":"el","@id":"https:\/\/daferera.de\/#\/schema\/logo\/image\/","url":"https:\/\/daferera.de\/wp-content\/uploads\/2022\/01\/Daferera-german-logo-1.png","contentUrl":"https:\/\/daferera.de\/wp-content\/uploads\/2022\/01\/Daferera-german-logo-1.png","width":1188,"height":423,"caption":"Bestattungen DAFERERA"},"image":{"@id":"https:\/\/daferera.de\/#\/schema\/logo\/image\/"},"sameAs":["https:\/\/www.facebook.com\/\u0393\u03c1\u03b1\u03c6\u03b5\u03af\u03b1-\u03a4\u03b5\u03bb\u03b5\u03c4\u03ce\u03bd-\u0394\u03b1\u03c6\u03b5\u03c1\u03ad\u03c1\u03b1-Bestattungen-Daferera-348638208483869\/"]}]}},"_links":{"self":[{"href":"https:\/\/daferera.de\/el\/wp-json\/wp\/v2\/pages\/7386","targetHints":{"allow":["GET"]}}],"collection":[{"href":"https:\/\/daferera.de\/el\/wp-json\/wp\/v2\/pages"}],"about":[{"href":"https:\/\/daferera.de\/el\/wp-json\/wp\/v2\/types\/page"}],"author":[{"embeddable":true,"href":"https:\/\/daferera.de\/el\/wp-json\/wp\/v2\/users\/1"}],"replies":[{"embeddable":true,"href":"https:\/\/daferera.de\/el\/wp-json\/wp\/v2\/comments?post=7386"}],"version-history":[{"count":3,"href":"https:\/\/daferera.de\/el\/wp-json\/wp\/v2\/pages\/7386\/revisions"}],"predecessor-version":[{"id":8689,"href":"https:\/\/daferera.de\/el\/wp-json\/wp\/v2\/pages\/7386\/revisions\/8689"}],"wp:attachment":[{"href":"https:\/\/daferera.de\/el\/wp-json\/wp\/v2\/media?parent=7386"}],"curies":[{"name":"wp","href":"https:\/\/api.w.org\/{rel}","templated":true}]}}