{"id":7336,"date":"2021-12-05T15:48:33","date_gmt":"2021-12-05T15:48:33","guid":{"rendered":"https:\/\/daf.efxaristo.eu\/?page_id=7336"},"modified":"2022-03-28T20:16:15","modified_gmt":"2022-03-28T20:16:15","slug":"feuerbestattung","status":"publish","type":"page","link":"https:\/\/daferera.de\/el\/feuerbestattung\/","title":{"rendered":"\u0391\u03c0\u03bf\u03c4\u03ad\u03c6\u03c1\u03c9\u03c3\u03b7"},"content":{"rendered":"<div data-elementor-type=\"wp-page\" data-elementor-id=\"7336\" class=\"elementor elementor-7336\" data-elementor-post-type=\"page\">\n\t\t\t\t\t\t<div class=\"elementor-section elementor-top-section elementor-element elementor-element-d90e1cb elementor-section-boxed elementor-section-height-default elementor-section-height-default\" data-id=\"d90e1cb\" data-element_type=\"section\">\n\t\t\t\t\t\t<div class=\"elementor-container elementor-column-gap-default\">\n\t\t\t\t\t<div class=\"elementor-column elementor-col-100 elementor-top-column elementor-element elementor-element-7232dd0\" data-id=\"7232dd0\" data-element_type=\"column\">\n\t\t\t<div class=\"elementor-widget-wrap elementor-element-populated\">\n\t\t\t\t\t\t<div class=\"elementor-element elementor-element-738726a elementor-widget elementor-widget-image\" data-id=\"738726a\" data-element_type=\"widget\" data-settings=\"{&quot;_animation&quot;:&quot;none&quot;}\" data-widget_type=\"image.default\">\n\t\t\t\t<div class=\"elementor-widget-container\">\n\t\t\t\t\t\t\t\t\t\t\t\t\t\t\t<img fetchpriority=\"high\" decoding=\"async\" width=\"980\" height=\"420\" src=\"https:\/\/daferera.de\/wp-content\/uploads\/2021\/12\/Verbrennung-scaled-1024x439.jpg\" class=\"attachment-large size-large wp-image-7547\" alt=\"Verbrennung\" srcset=\"https:\/\/daferera.de\/wp-content\/uploads\/2021\/12\/Verbrennung-scaled-1024x439.jpg 1024w, https:\/\/daferera.de\/wp-content\/uploads\/2021\/12\/Verbrennung-scaled-300x129.jpg 300w, https:\/\/daferera.de\/wp-content\/uploads\/2021\/12\/Verbrennung-scaled-768x329.jpg 768w, https:\/\/daferera.de\/wp-content\/uploads\/2021\/12\/Verbrennung-scaled-1536x658.jpg 1536w, https:\/\/daferera.de\/wp-content\/uploads\/2021\/12\/Verbrennung-scaled-2048x878.jpg 2048w, https:\/\/daferera.de\/wp-content\/uploads\/2021\/12\/Verbrennung-scaled-18x8.jpg 18w, https:\/\/daferera.de\/wp-content\/uploads\/2021\/12\/Verbrennung-scaled-500x214.jpg 500w, https:\/\/daferera.de\/wp-content\/uploads\/2021\/12\/Verbrennung-scaled.jpg 1600w\" sizes=\"(max-width: 980px) 100vw, 980px\" \/>\t\t\t\t\t\t\t\t\t\t\t\t\t\t\t<\/div>\n\t\t\t\t<\/div>\n\t\t\t\t\t<\/div>\n\t\t<\/div>\n\t\t\t\t\t<\/div>\n\t\t<\/div>\n\t\t\t\t<div class=\"elementor-section elementor-top-section elementor-element elementor-element-62a291d elementor-section-boxed elementor-section-height-default elementor-section-height-default\" data-id=\"62a291d\" data-element_type=\"section\">\n\t\t\t\t\t\t<div class=\"elementor-container elementor-column-gap-default\">\n\t\t\t\t\t<div class=\"elementor-column elementor-col-100 elementor-top-column elementor-element elementor-element-d13aee6\" data-id=\"d13aee6\" data-element_type=\"column\">\n\t\t\t<div class=\"elementor-widget-wrap elementor-element-populated\">\n\t\t\t\t\t\t<div class=\"elementor-element elementor-element-9575684 elementor-widget-divider--view-line_icon elementor-widget-divider--separator-type-pattern elementor-view-default elementor-widget-divider--element-align-center elementor-widget elementor-widget-divider\" data-id=\"9575684\" data-element_type=\"widget\" data-widget_type=\"divider.default\">\n\t\t\t\t<div class=\"elementor-widget-container\">\n\t\t\t\t\t\t\t<div class=\"elementor-divider\" style=\"--divider-pattern-url: url(&quot;data:image\/svg+xml,%3Csvg xmlns=&#039;http:\/\/www.w3.org\/2000\/svg&#039; preserveAspectRatio=&#039;none&#039; overflow=&#039;visible&#039; height=&#039;100%&#039; viewBox=&#039;0 0 24 24&#039; fill=&#039;none&#039; stroke=&#039;black&#039; stroke-width=&#039;1&#039; stroke-linecap=&#039;square&#039; stroke-miterlimit=&#039;10&#039;%3E%3Cpath d=&#039;M0,6c6,0,0.9,11.1,6.9,11.1S18,6,24,6&#039;\/%3E%3C\/svg%3E&quot;);\">\n\t\t\t<span class=\"elementor-divider-separator\">\n\t\t\t\t\t\t\t<div class=\"elementor-icon elementor-divider__element\">\n\t\t\t\t\t<i aria-hidden=\"true\" class=\"fas fa-cross\"><\/i><\/div>\n\t\t\t\t\t\t<\/span>\n\t\t<\/div>\n\t\t\t\t\t\t<\/div>\n\t\t\t\t<\/div>\n\t\t\t\t\t<\/div>\n\t\t<\/div>\n\t\t\t\t\t<\/div>\n\t\t<\/div>\n\t\t\t\t<div class=\"elementor-section elementor-top-section elementor-element elementor-element-8654629 elementor-section-boxed elementor-section-height-default elementor-section-height-default\" data-id=\"8654629\" data-element_type=\"section\">\n\t\t\t\t\t\t<div class=\"elementor-container elementor-column-gap-default\">\n\t\t\t\t\t<div class=\"elementor-column elementor-col-100 elementor-top-column elementor-element elementor-element-97c529f\" data-id=\"97c529f\" data-element_type=\"column\">\n\t\t\t<div class=\"elementor-widget-wrap elementor-element-populated\">\n\t\t\t\t\t\t<div class=\"elementor-element elementor-element-e12bbf4 elementor-widget elementor-widget-heading\" data-id=\"e12bbf4\" data-element_type=\"widget\" data-widget_type=\"heading.default\">\n\t\t\t\t<div class=\"elementor-widget-container\">\n\t\t\t\t\t<h1 class=\"elementor-heading-title elementor-size-default\">\u0391\u03c0\u03bf\u03c4\u03ad\u03c6\u03c1\u03c9\u03c3\u03b7<\/h1>\t\t\t\t<\/div>\n\t\t\t\t<\/div>\n\t\t\t\t\t<\/div>\n\t\t<\/div>\n\t\t\t\t\t<\/div>\n\t\t<\/div>\n\t\t\t\t<section class=\"elementor-section elementor-top-section elementor-element elementor-element-109481a elementor-section-boxed elementor-section-height-default elementor-section-height-default\" data-id=\"109481a\" data-element_type=\"section\">\n\t\t\t\t\t\t<div class=\"elementor-container elementor-column-gap-default\">\n\t\t\t\t\t<div class=\"elementor-column elementor-col-100 elementor-top-column elementor-element elementor-element-47ff2d0\" data-id=\"47ff2d0\" data-element_type=\"column\">\n\t\t\t<div class=\"elementor-widget-wrap elementor-element-populated\">\n\t\t\t\t\t\t<div class=\"elementor-element elementor-element-8e299fb elementor-widget elementor-widget-text-editor\" data-id=\"8e299fb\" data-element_type=\"widget\" data-widget_type=\"text-editor.default\">\n\t\t\t\t<div class=\"elementor-widget-container\">\n\t\t\t\t\t\t\t\t\t<h5>\u03a3\u03b5\u03b2\u03cc\u03bc\u03b1\u03c3\u03c4\u03b5 \u03c4\u03b9\u03c2 \u03b8\u03c1\u03b7\u03c3\u03ba\u03b5\u03c5\u03c4\u03b9\u03ba\u03ad\u03c2 \u03c0\u03b5\u03c0\u03bf\u03b9\u03b8\u03ae\u03c3\u03b5\u03b9\u03c2 \u03cc\u03bb\u03c9\u03bd \u03ba\u03b1\u03b9 \u03b5\u03af\u03bc\u03b1\u03c3\u03c4\u03b5 \u03b5\u03b4\u03ce \u03b3\u03b9\u03b1 \u03bd\u03b1 \u03ba\u03b1\u03bb\u03cd\u03c8\u03bf\u03c5\u03bc\u03b5 \u03c4\u03b9\u03c2 \u03b1\u03bd\u03ac\u03b3\u03ba\u03b5\u03c2 \u03ba\u03b1\u03b9 \u03c4\u03b9\u03c2 \u03b5\u03c0\u03b9\u03b8\u03c5\u03bc\u03af\u03b5\u03c2 \u03c3\u03b1\u03c2.\u00a0<\/h5><p>\u03a3\u03b5\u03b2\u03cc\u03bc\u03b5\u03bd\u03bf\u03b9 \u03c4\u03b9\u03c2 \u03b8\u03c1\u03b7\u03c3\u03ba\u03b5\u03c5\u03c4\u03b9\u03ba\u03ad\u03c2 \u03c0\u03b5\u03c0\u03bf\u03b9\u03b8\u03ae\u03c3\u03b5\u03b9\u03c2 \u03c4\u03bf\u03c5 \u03ba\u03ac\u03b8\u03b5 \u03b1\u03bd\u03b8\u03c1\u03ce\u03c0\u03bf\u03c5, \u03b5\u03af\u03bc\u03b1\u03c3\u03c4\u03b5 \u03b5\u03b4\u03ce \u03b3\u03b9\u03b1 \u03bd\u03b1 \u03ba\u03b1\u03bb\u03cd\u03c8\u03bf\u03c5\u03bc\u03b5 \u03c4\u03b9\u03c2 \u03b4\u03b9\u03ba\u03ad\u03c2 \u03c3\u03b1\u03c2 \u03b1\u03bd\u03ac\u03b3\u03ba\u03b5\u03c2 \u03ba\u03b1\u03b9 \u03b5\u03c0\u03b9\u03b8\u03c5\u03bc\u03af\u03b5\u03c2. \u0391\u03bd\u03b1\u03bb\u03b1\u03bc\u03b2\u03ac\u03bd\u03bf\u03c5\u03bc\u03b5 \u03b5\u03be\u2019 \u03bf\u03bb\u03bf\u03ba\u03bb\u03ae\u03c1\u03bf\u03c5 \u03c4\u03b7 \u03b4\u03b9\u03b5\u03ba\u03c0\u03b5\u03c1\u03b1\u03af\u03c9\u03c3\u03b7 \u03c4\u03b7\u03c2 \u03b4\u03b9\u03b1\u03b4\u03b9\u03ba\u03b1\u03c3\u03af\u03b1\u03c2 \u03c0\u03bf\u03c5 \u03b1\u03c0\u03b1\u03b9\u03c4\u03b5\u03af\u03c4\u03b1\u03b9 \u03b3\u03b9\u03b1 \u03c4\u03b7\u03bd \u03b1\u03c0\u03bf\u03c4\u03ad\u03c6\u03c1\u03c9\u03c3\u03b7 \u03c4\u03bf\u03c5 \u03b1\u03c0\u03bf\u03b8\u03b1\u03bd\u03cc\u03bd\u03c4\u03bf\u03c2, \u03b1\u03c0\u03b1\u03bb\u03bb\u03ac\u03c3\u03c3\u03bf\u03bd\u03c4\u03b1\u03c2 \u03c4\u03b7\u03bd \u03bf\u03b9\u03ba\u03bf\u03b3\u03ad\u03bd\u03b5\u03b9\u03b1 \u03c4\u03bf\u03c5 \u03b1\u03c0\u03cc \u03bf\u03c0\u03bf\u03b9\u03b1\u03b4\u03ae\u03c0\u03bf\u03c4\u03b5 \u03b5\u03c5\u03b8\u03cd\u03bd\u03b7 \u03c9\u03c2 \u03c0\u03c1\u03bf\u03c2 \u03c4\u03b1 \u03b4\u03b9\u03b1\u03b4\u03b9\u03ba\u03b1\u03c3\u03c4\u03b9\u03ba\u03ac (\u03ad\u03b3\u03b3\u03c1\u03b1\u03c6\u03b1, \u03bc\u03b5\u03c4\u03b1\u03c6\u03bf\u03c1\u03ac \u03ba\u03c4\u03bb). \u03a4\u03bf \u03b3\u03c1\u03b1\u03c6\u03b5\u03af\u03bf \u03bc\u03b1\u03c2 \u03c0\u03b1\u03c1\u03ad\u03c7\u03b5\u03b9 \u03c4\u03b7 \u03b4\u03c5\u03bd\u03b1\u03c4\u03cc\u03c4\u03b7\u03c4\u03b1 \u03b6\u03c9\u03bd\u03c4\u03b1\u03bd\u03ae\u03c2 \u03bc\u03b5\u03c4\u03ac\u03b4\u03bf\u03c3\u03b7\u03c2 \u03c4\u03b7\u03c2 \u03ba\u03b1\u03cd\u03c3\u03b7\u03c2 \u03c4\u03bf\u03c5 \u03bd\u03b5\u03ba\u03c1\u03bf\u03cd. \u0395\u03c0\u03af\u03c3\u03b7\u03c2, \u03b4\u03b9\u03bf\u03c1\u03b3\u03b1\u03bd\u03ce\u03bd\u03bf\u03c5\u03bc\u03b5 \u03c4\u03b7\u03bd \u03bc\u03b5\u03c4\u03b1\u03c6\u03bf\u03c1\u03ac -\u03b1\u03bd \u03c7\u03c1\u03b5\u03b9\u03b1\u03c3\u03c4\u03b5\u03af- \u03c4\u03c9\u03bd \u03c3\u03c5\u03b3\u03b3\u03b5\u03bd\u03ce\u03bd \u03c3\u03c4\u03bf \u03c7\u03ce\u03c1\u03bf \u03c4\u03b7\u03c2 \u03b1\u03c0\u03bf\u03c4\u03ad\u03c6\u03c1\u03c9\u03c3\u03b7\u03c2 ( \u03ba\u03b1\u03b9 \u03bc\u03b5 \u03bb\u03b9\u03bc\u03bf\u03c5\u03b6\u03af\u03bd\u03b1), \u03b5\u03af\u03c4\u03b5 \u03b1\u03bd\u03b1\u03bb\u03b1\u03bc\u03b2\u03ac\u03bd\u03bf\u03c5\u03bc\u03b5 \u03c4\u03b7\u03bd \u03c0\u03bb\u03ae\u03c1\u03b7 \u03b5\u03c5\u03b8\u03cd\u03bd\u03b7 \u03c4\u03b7\u03c2 \u03bc\u03b5\u03c4\u03b1\u03c6\u03bf\u03c1\u03ac\u03c2 \u03c4\u03b7\u03c2 \u03b1\u03c3\u03c5\u03bd\u03cc\u03b4\u03b5\u03c5\u03c4\u03b7\u03c2 \u03c3\u03c9\u03c1\u03bf\u03cd \u03b3\u03b9\u03b1 \u03c4\u03b7\u03bd \u03ba\u03b1\u03cd\u03c3\u03b7 \u03c3\u03c4\u03bf \u03b1\u03c0\u03bf\u03c4\u03b5\u03c6\u03c1\u03c9\u03c4\u03ae\u03c1\u03b9\u03bf.<\/p><p><strong><span style=\"text-decoration: underline;\">\u0393\u03b9\u03b1 \u03c4\u03b7\u03bd \u0395\u03bb\u03bb\u03ac\u03b4\u03b1, \u0391\u03b8\u03ae\u03bd\u03b1<\/span><\/strong><\/p><h5>\u00a0\u0394\u03b9\u03b1\u03b8\u03ad\u03c4\u03bf\u03c5\u03bc\u03b5 2 \u03c0\u03bf\u03bb\u03c5\u03c4\u03b5\u03bb\u03ae \u03b1\u03c5\u03c4\u03bf\u03ba\u03af\u03bd\u03b7\u03c4\u03b1 (7 \u03b8\u03ad\u03c3\u03b5\u03c9\u03bd) \u03b3\u03b9\u03b1 \u03c4\u03b7 \u03bc\u03b5\u03c4\u03b1\u03c6\u03bf\u03c1\u03ac \u03c4\u03b7\u03c2 \u03bf\u03b9\u03ba\u03bf\u03b3\u03ad\u03bd\u03b5\u03b9\u03b1\u03c2 \u03c4\u03bf\u03c5 \u03b5\u03ba\u03bb\u03b9\u03c0\u03cc\u03bd\u03c4\u03bf\u03c2.<\/h5>\t\t\t\t\t\t\t\t<\/div>\n\t\t\t\t<\/div>\n\t\t\t\t<div class=\"elementor-element elementor-element-8a9375b elementor-arrows-position-inside elementor-pagination-position-outside elementor-widget elementor-widget-image-carousel\" data-id=\"8a9375b\" data-element_type=\"widget\" data-settings=\"{&quot;navigation&quot;:&quot;both&quot;,&quot;autoplay&quot;:&quot;yes&quot;,&quot;pause_on_hover&quot;:&quot;yes&quot;,&quot;pause_on_interaction&quot;:&quot;yes&quot;,&quot;autoplay_speed&quot;:5000,&quot;infinite&quot;:&quot;yes&quot;,&quot;speed&quot;:500,&quot;image_spacing_custom&quot;:{&quot;unit&quot;:&quot;px&quot;,&quot;size&quot;:20,&quot;sizes&quot;:[]},&quot;image_spacing_custom_tablet&quot;:{&quot;unit&quot;:&quot;px&quot;,&quot;size&quot;:&quot;&quot;,&quot;sizes&quot;:[]},&quot;image_spacing_custom_mobile&quot;:{&quot;unit&quot;:&quot;px&quot;,&quot;size&quot;:&quot;&quot;,&quot;sizes&quot;:[]}}\" data-widget_type=\"image-carousel.default\">\n\t\t\t\t<div class=\"elementor-widget-container\">\n\t\t\t\t\t\t\t<div class=\"elementor-image-carousel-wrapper swiper\" role=\"region\" aria-roledescription=\"carousel\" aria-label=\"\u039a\u03b1\u03c1\u03bf\u03c5\u03b6\u03ad\u03bb \u0395\u03b9\u03ba\u03cc\u03bd\u03b1\u03c2\" dir=\"ltr\">\n\t\t\t<div class=\"elementor-image-carousel swiper-wrapper\" aria-live=\"off\">\n\t\t\t\t\t\t\t\t<div class=\"swiper-slide\" role=\"group\" aria-roledescription=\"slide\" aria-label=\"1 of 3\"><figure class=\"swiper-slide-inner\"><img decoding=\"async\" class=\"swiper-slide-image\" src=\"https:\/\/daferera.de\/wp-content\/uploads\/2022\/03\/\u03a0\u039f\u039b\u03a5\u03a4\u0395\u039b\u0397-BUS-VIP.jpg\" alt=\"feuerbestattung - begrabniszeremonie\" \/><\/figure><\/div><div class=\"swiper-slide\" role=\"group\" aria-roledescription=\"slide\" aria-label=\"2 of 3\"><figure class=\"swiper-slide-inner\"><img decoding=\"async\" class=\"swiper-slide-image\" src=\"https:\/\/daferera.de\/wp-content\/uploads\/2022\/03\/\u03a0\u039f\u039b\u03a5\u03a4\u0395\u039b\u0397-BUS-VIP-1.jpg\" alt=\"feuerbestattung - begrabniszeremonie\" \/><\/figure><\/div><div class=\"swiper-slide\" role=\"group\" aria-roledescription=\"slide\" aria-label=\"3 of 3\"><figure class=\"swiper-slide-inner\"><img decoding=\"async\" class=\"swiper-slide-image\" src=\"https:\/\/daferera.de\/wp-content\/uploads\/2022\/03\/\u03a0\u039f\u039b\u03a5\u03a4\u0395\u039b\u0397-BUS-VIP-2.jpg\" alt=\"feuerbestattung - begrabniszeremonie\" \/><\/figure><\/div>\t\t\t<\/div>\n\t\t\t\t\t\t\t\t\t\t\t\t<div class=\"elementor-swiper-button elementor-swiper-button-prev\" role=\"button\" tabindex=\"0\">\n\t\t\t\t\t\t<i aria-hidden=\"true\" class=\"eicon-chevron-left\"><\/i>\t\t\t\t\t<\/div>\n\t\t\t\t\t<div class=\"elementor-swiper-button elementor-swiper-button-next\" role=\"button\" tabindex=\"0\">\n\t\t\t\t\t\t<i aria-hidden=\"true\" class=\"eicon-chevron-right\"><\/i>\t\t\t\t\t<\/div>\n\t\t\t\t\n\t\t\t\t\t\t\t\t\t<div class=\"swiper-pagination\"><\/div>\n\t\t\t\t\t\t\t\t\t<\/div>\n\t\t\t\t\t\t<\/div>\n\t\t\t\t<\/div>\n\t\t\t\t\t<\/div>\n\t\t<\/div>\n\t\t\t\t\t<\/div>\n\t\t<\/section>\n\t\t\t\t<section class=\"elementor-section elementor-top-section elementor-element elementor-element-6ca293a elementor-section-boxed elementor-section-height-default elementor-section-height-default\" data-id=\"6ca293a\" data-element_type=\"section\">\n\t\t\t\t\t\t<div class=\"elementor-container elementor-column-gap-default\">\n\t\t\t\t\t<div class=\"elementor-column elementor-col-100 elementor-top-column elementor-element elementor-element-5e15b2a\" data-id=\"5e15b2a\" data-element_type=\"column\">\n\t\t\t<div class=\"elementor-widget-wrap elementor-element-populated\">\n\t\t\t\t\t\t<div class=\"elementor-element elementor-element-bf3c751 elementor-widget elementor-widget-button\" data-id=\"bf3c751\" data-element_type=\"widget\" data-widget_type=\"button.default\">\n\t\t\t\t<div class=\"elementor-widget-container\">\n\t\t\t\t\t\t\t\t\t<div class=\"elementor-button-wrapper\">\n\t\t\t\t\t<a class=\"elementor-button elementor-button-link elementor-size-sm\" href=\"https:\/\/daferera.de\/el\/contact\/\">\n\t\t\t\t\t\t<span class=\"elementor-button-content-wrapper\">\n\t\t\t\t\t\t\t\t\t<span class=\"elementor-button-text\">\u0395\u03c0\u03b9\u03ba\u03bf\u03b9\u03bd\u03c9\u03bd\u03ae\u03c3\u03c4\u03b5 \u03bc\u03b1\u03b6\u03af \u03bc\u03b1\u03c2<\/span>\n\t\t\t\t\t<\/span>\n\t\t\t\t\t<\/a>\n\t\t\t\t<\/div>\n\t\t\t\t\t\t\t\t<\/div>\n\t\t\t\t<\/div>\n\t\t\t\t\t<\/div>\n\t\t<\/div>\n\t\t\t\t\t<\/div>\n\t\t<\/section>\n\t\t\t\t<\/div>","protected":false},"excerpt":{"rendered":"<p>Feuerbestattung Wir respektieren die religi\u00f6sen \u00dcberzeugungen jedes Einzelnen und sind hier, um Ihre Bed\u00fcrfnisse und W\u00fcnsche zu erf\u00fcllen.\u00a0 Wir \u00fcbernehmen die gesamte Abwicklung des Verfahrens, das f\u00fcr die Ein\u00e4scherung des Verstorbenen erforderlich ist, und entbinden seine Familie von jeglicher Verantwortung f\u00fcr das Verfahren (Dokumente, \u00dcberstellung usw.). Unser B\u00fcro bietet die M\u00f6glichkeit der Live-\u00dcbertragung der Ein\u00e4scherung [&hellip;]<\/p>","protected":false},"author":1,"featured_media":0,"parent":0,"menu_order":4,"comment_status":"closed","ping_status":"closed","template":"elementor_header_footer","meta":{"inline_featured_image":false,"footnotes":""},"class_list":["post-7336","page","type-page","status-publish","hentry"],"yoast_head":"<!-- This site is optimized with the Yoast SEO plugin v26.5 - https:\/\/yoast.com\/wordpress\/plugins\/seo\/ -->\n<title>Feuerbestattung - Daferera<\/title>\n<meta name=\"robots\" content=\"index, follow, max-snippet:-1, max-image-preview:large, max-video-preview:-1\" \/>\n<link rel=\"canonical\" href=\"https:\/\/daferera.de\/el\/feuerbestattung\/\" \/>\n<meta property=\"og:locale\" content=\"el_GR\" \/>\n<meta property=\"og:type\" content=\"article\" \/>\n<meta property=\"og:title\" content=\"Feuerbestattung - Daferera\" \/>\n<meta property=\"og:description\" content=\"Feuerbestattung Wir respektieren die religi\u00f6sen \u00dcberzeugungen jedes Einzelnen und sind hier, um Ihre Bed\u00fcrfnisse und W\u00fcnsche zu erf\u00fcllen.\u00a0 Wir \u00fcbernehmen die gesamte Abwicklung des Verfahrens, das f\u00fcr die Ein\u00e4scherung des Verstorbenen erforderlich ist, und entbinden seine Familie von jeglicher Verantwortung f\u00fcr das Verfahren (Dokumente, \u00dcberstellung usw.). Unser B\u00fcro bietet die M\u00f6glichkeit der Live-\u00dcbertragung der Ein\u00e4scherung [&hellip;]\" \/>\n<meta property=\"og:url\" content=\"https:\/\/daferera.de\/el\/feuerbestattung\/\" \/>\n<meta property=\"og:site_name\" content=\"Daferera\" \/>\n<meta property=\"article:publisher\" content=\"https:\/\/www.facebook.com\/%ce%93%cf%81%ce%b1%cf%86%ce%b5%ce%af%ce%b1-%ce%a4%ce%b5%ce%bb%ce%b5%cf%84%cf%8e%ce%bd-%ce%94%ce%b1%cf%86%ce%b5%cf%81%ce%ad%cf%81%ce%b1-Bestattungen-Daferera-348638208483869\/\" \/>\n<meta property=\"article:modified_time\" content=\"2022-03-28T20:16:15+00:00\" \/>\n<meta property=\"og:image\" content=\"https:\/\/daferera.de\/wp-content\/uploads\/2021\/12\/Verbrennung-scaled-1024x439.jpg\" \/>\n<meta name=\"twitter:card\" content=\"summary_large_image\" \/>\n<meta name=\"twitter:label1\" content=\"\u0395\u03ba\u03c4\u03b9\u03bc\u03ce\u03bc\u03b5\u03bd\u03bf\u03c2 \u03c7\u03c1\u03cc\u03bd\u03bf\u03c2 \u03b1\u03bd\u03ac\u03b3\u03bd\u03c9\u03c3\u03b7\u03c2\" \/>\n\t<meta name=\"twitter:data1\" content=\"3 \u03bb\u03b5\u03c0\u03c4\u03ac\" \/>\n<script type=\"application\/ld+json\" class=\"yoast-schema-graph\">{\"@context\":\"https:\/\/schema.org\",\"@graph\":[{\"@type\":\"WebPage\",\"@id\":\"https:\/\/daferera.de\/feuerbestattung\/\",\"url\":\"https:\/\/daferera.de\/feuerbestattung\/\",\"name\":\"Feuerbestattung - Daferera\",\"isPartOf\":{\"@id\":\"https:\/\/daferera.de\/#website\"},\"primaryImageOfPage\":{\"@id\":\"https:\/\/daferera.de\/feuerbestattung\/#primaryimage\"},\"image\":{\"@id\":\"https:\/\/daferera.de\/feuerbestattung\/#primaryimage\"},\"thumbnailUrl\":\"https:\/\/daferera.de\/wp-content\/uploads\/2021\/12\/Verbrennung-scaled-1024x439.jpg\",\"datePublished\":\"2021-12-05T15:48:33+00:00\",\"dateModified\":\"2022-03-28T20:16:15+00:00\",\"breadcrumb\":{\"@id\":\"https:\/\/daferera.de\/feuerbestattung\/#breadcrumb\"},\"inLanguage\":\"el\",\"potentialAction\":[{\"@type\":\"ReadAction\",\"target\":[\"https:\/\/daferera.de\/feuerbestattung\/\"]}]},{\"@type\":\"ImageObject\",\"inLanguage\":\"el\",\"@id\":\"https:\/\/daferera.de\/feuerbestattung\/#primaryimage\",\"url\":\"https:\/\/daferera.de\/wp-content\/uploads\/2021\/12\/Verbrennung-scaled-1024x439.jpg\",\"contentUrl\":\"https:\/\/daferera.de\/wp-content\/uploads\/2021\/12\/Verbrennung-scaled-1024x439.jpg\"},{\"@type\":\"BreadcrumbList\",\"@id\":\"https:\/\/daferera.de\/feuerbestattung\/#breadcrumb\",\"itemListElement\":[{\"@type\":\"ListItem\",\"position\":1,\"name\":\"Home\",\"item\":\"https:\/\/daferera.de\/\"},{\"@type\":\"ListItem\",\"position\":2,\"name\":\"Feuerbestattung\"}]},{\"@type\":\"WebSite\",\"@id\":\"https:\/\/daferera.de\/#website\",\"url\":\"https:\/\/daferera.de\/\",\"name\":\"Daferera\",\"description\":\"Bestattungsdienste\",\"publisher\":{\"@id\":\"https:\/\/daferera.de\/#organization\"},\"potentialAction\":[{\"@type\":\"SearchAction\",\"target\":{\"@type\":\"EntryPoint\",\"urlTemplate\":\"https:\/\/daferera.de\/?s={search_term_string}\"},\"query-input\":{\"@type\":\"PropertyValueSpecification\",\"valueRequired\":true,\"valueName\":\"search_term_string\"}}],\"inLanguage\":\"el\"},{\"@type\":\"Organization\",\"@id\":\"https:\/\/daferera.de\/#organization\",\"name\":\"Bestattungen DAFERERA\",\"url\":\"https:\/\/daferera.de\/\",\"logo\":{\"@type\":\"ImageObject\",\"inLanguage\":\"el\",\"@id\":\"https:\/\/daferera.de\/#\/schema\/logo\/image\/\",\"url\":\"https:\/\/daferera.de\/wp-content\/uploads\/2022\/01\/Daferera-german-logo-1.png\",\"contentUrl\":\"https:\/\/daferera.de\/wp-content\/uploads\/2022\/01\/Daferera-german-logo-1.png\",\"width\":1188,\"height\":423,\"caption\":\"Bestattungen DAFERERA\"},\"image\":{\"@id\":\"https:\/\/daferera.de\/#\/schema\/logo\/image\/\"},\"sameAs\":[\"https:\/\/www.facebook.com\/\u0393\u03c1\u03b1\u03c6\u03b5\u03af\u03b1-\u03a4\u03b5\u03bb\u03b5\u03c4\u03ce\u03bd-\u0394\u03b1\u03c6\u03b5\u03c1\u03ad\u03c1\u03b1-Bestattungen-Daferera-348638208483869\/\"]}]}<\/script>\n<!-- \/ Yoast SEO plugin. -->","yoast_head_json":{"title":"Feuerbestattung - Daferera","robots":{"index":"index","follow":"follow","max-snippet":"max-snippet:-1","max-image-preview":"max-image-preview:large","max-video-preview":"max-video-preview:-1"},"canonical":"https:\/\/daferera.de\/el\/feuerbestattung\/","og_locale":"el_GR","og_type":"article","og_title":"Feuerbestattung - Daferera","og_description":"Feuerbestattung Wir respektieren die religi\u00f6sen \u00dcberzeugungen jedes Einzelnen und sind hier, um Ihre Bed\u00fcrfnisse und W\u00fcnsche zu erf\u00fcllen.\u00a0 Wir \u00fcbernehmen die gesamte Abwicklung des Verfahrens, das f\u00fcr die Ein\u00e4scherung des Verstorbenen erforderlich ist, und entbinden seine Familie von jeglicher Verantwortung f\u00fcr das Verfahren (Dokumente, \u00dcberstellung usw.). Unser B\u00fcro bietet die M\u00f6glichkeit der Live-\u00dcbertragung der Ein\u00e4scherung [&hellip;]","og_url":"https:\/\/daferera.de\/el\/feuerbestattung\/","og_site_name":"Daferera","article_publisher":"https:\/\/www.facebook.com\/%ce%93%cf%81%ce%b1%cf%86%ce%b5%ce%af%ce%b1-%ce%a4%ce%b5%ce%bb%ce%b5%cf%84%cf%8e%ce%bd-%ce%94%ce%b1%cf%86%ce%b5%cf%81%ce%ad%cf%81%ce%b1-Bestattungen-Daferera-348638208483869\/","article_modified_time":"2022-03-28T20:16:15+00:00","og_image":[{"url":"https:\/\/daferera.de\/wp-content\/uploads\/2021\/12\/Verbrennung-scaled-1024x439.jpg","type":"","width":"","height":""}],"twitter_card":"summary_large_image","twitter_misc":{"\u0395\u03ba\u03c4\u03b9\u03bc\u03ce\u03bc\u03b5\u03bd\u03bf\u03c2 \u03c7\u03c1\u03cc\u03bd\u03bf\u03c2 \u03b1\u03bd\u03ac\u03b3\u03bd\u03c9\u03c3\u03b7\u03c2":"3 \u03bb\u03b5\u03c0\u03c4\u03ac"},"schema":{"@context":"https:\/\/schema.org","@graph":[{"@type":"WebPage","@id":"https:\/\/daferera.de\/feuerbestattung\/","url":"https:\/\/daferera.de\/feuerbestattung\/","name":"Feuerbestattung - Daferera","isPartOf":{"@id":"https:\/\/daferera.de\/#website"},"primaryImageOfPage":{"@id":"https:\/\/daferera.de\/feuerbestattung\/#primaryimage"},"image":{"@id":"https:\/\/daferera.de\/feuerbestattung\/#primaryimage"},"thumbnailUrl":"https:\/\/daferera.de\/wp-content\/uploads\/2021\/12\/Verbrennung-scaled-1024x439.jpg","datePublished":"2021-12-05T15:48:33+00:00","dateModified":"2022-03-28T20:16:15+00:00","breadcrumb":{"@id":"https:\/\/daferera.de\/feuerbestattung\/#breadcrumb"},"inLanguage":"el","potentialAction":[{"@type":"ReadAction","target":["https:\/\/daferera.de\/feuerbestattung\/"]}]},{"@type":"ImageObject","inLanguage":"el","@id":"https:\/\/daferera.de\/feuerbestattung\/#primaryimage","url":"https:\/\/daferera.de\/wp-content\/uploads\/2021\/12\/Verbrennung-scaled-1024x439.jpg","contentUrl":"https:\/\/daferera.de\/wp-content\/uploads\/2021\/12\/Verbrennung-scaled-1024x439.jpg"},{"@type":"BreadcrumbList","@id":"https:\/\/daferera.de\/feuerbestattung\/#breadcrumb","itemListElement":[{"@type":"ListItem","position":1,"name":"Home","item":"https:\/\/daferera.de\/"},{"@type":"ListItem","position":2,"name":"Feuerbestattung"}]},{"@type":"WebSite","@id":"https:\/\/daferera.de\/#website","url":"https:\/\/daferera.de\/","name":"\u0393\u03c1\u03b1\u03c6\u03b5\u03af\u03b1 \u03a4\u03b5\u03bb\u03b5\u03c4\u03ce\u03bd \"\u0394\u03b1\u03c6\u03b5\u03c1\u03ad\u03c1\u03b1\"","description":"\u03a5\u03c0\u03b7\u03c1\u03b5\u03c3\u03af\u03b5\u03c2 \u03ba\u03b7\u03b4\u03b5\u03b9\u03ce\u03bd","publisher":{"@id":"https:\/\/daferera.de\/#organization"},"potentialAction":[{"@type":"SearchAction","target":{"@type":"EntryPoint","urlTemplate":"https:\/\/daferera.de\/?s={search_term_string}"},"query-input":{"@type":"PropertyValueSpecification","valueRequired":true,"valueName":"search_term_string"}}],"inLanguage":"el"},{"@type":"Organization","@id":"https:\/\/daferera.de\/#organization","name":"Bestattungen DAFERERA","url":"https:\/\/daferera.de\/","logo":{"@type":"ImageObject","inLanguage":"el","@id":"https:\/\/daferera.de\/#\/schema\/logo\/image\/","url":"https:\/\/daferera.de\/wp-content\/uploads\/2022\/01\/Daferera-german-logo-1.png","contentUrl":"https:\/\/daferera.de\/wp-content\/uploads\/2022\/01\/Daferera-german-logo-1.png","width":1188,"height":423,"caption":"Bestattungen DAFERERA"},"image":{"@id":"https:\/\/daferera.de\/#\/schema\/logo\/image\/"},"sameAs":["https:\/\/www.facebook.com\/\u0393\u03c1\u03b1\u03c6\u03b5\u03af\u03b1-\u03a4\u03b5\u03bb\u03b5\u03c4\u03ce\u03bd-\u0394\u03b1\u03c6\u03b5\u03c1\u03ad\u03c1\u03b1-Bestattungen-Daferera-348638208483869\/"]}]}},"_links":{"self":[{"href":"https:\/\/daferera.de\/el\/wp-json\/wp\/v2\/pages\/7336","targetHints":{"allow":["GET"]}}],"collection":[{"href":"https:\/\/daferera.de\/el\/wp-json\/wp\/v2\/pages"}],"about":[{"href":"https:\/\/daferera.de\/el\/wp-json\/wp\/v2\/types\/page"}],"author":[{"embeddable":true,"href":"https:\/\/daferera.de\/el\/wp-json\/wp\/v2\/users\/1"}],"replies":[{"embeddable":true,"href":"https:\/\/daferera.de\/el\/wp-json\/wp\/v2\/comments?post=7336"}],"version-history":[{"count":19,"href":"https:\/\/daferera.de\/el\/wp-json\/wp\/v2\/pages\/7336\/revisions"}],"predecessor-version":[{"id":8622,"href":"https:\/\/daferera.de\/el\/wp-json\/wp\/v2\/pages\/7336\/revisions\/8622"}],"wp:attachment":[{"href":"https:\/\/daferera.de\/el\/wp-json\/wp\/v2\/media?parent=7336"}],"curies":[{"name":"wp","href":"https:\/\/api.w.org\/{rel}","templated":true}]}}