{"id":7331,"date":"2021-12-05T15:45:54","date_gmt":"2021-12-05T15:45:54","guid":{"rendered":"https:\/\/daf.efxaristo.eu\/?page_id=7331"},"modified":"2022-05-08T00:59:29","modified_gmt":"2022-05-08T00:59:29","slug":"repatriierung","status":"publish","type":"page","link":"https:\/\/daferera.de\/el\/repatriierung\/","title":{"rendered":"\u03b5\u03c0\u03b1\u03bd\u03b1\u03c0\u03b1\u03c4\u03c1\u03b9\u03c3\u03bc\u03cc\u03c2"},"content":{"rendered":"<div data-elementor-type=\"wp-page\" data-elementor-id=\"7331\" class=\"elementor elementor-7331\" data-elementor-post-type=\"page\">\n\t\t\t\t\t\t<div class=\"elementor-section elementor-top-section elementor-element elementor-element-d90e1cb elementor-section-boxed elementor-section-height-default elementor-section-height-default\" data-id=\"d90e1cb\" data-element_type=\"section\">\n\t\t\t\t\t\t<div class=\"elementor-container elementor-column-gap-default\">\n\t\t\t\t\t<div class=\"elementor-column elementor-col-100 elementor-top-column elementor-element elementor-element-7232dd0\" data-id=\"7232dd0\" data-element_type=\"column\">\n\t\t\t<div class=\"elementor-widget-wrap elementor-element-populated\">\n\t\t\t\t\t\t<div class=\"elementor-element elementor-element-42ca6b2 elementor-widget elementor-widget-image\" data-id=\"42ca6b2\" data-element_type=\"widget\" data-settings=\"{&quot;_animation&quot;:&quot;none&quot;}\" data-widget_type=\"image.default\">\n\t\t\t\t<div class=\"elementor-widget-container\">\n\t\t\t\t\t\t\t\t\t\t\t\t\t\t\t<img fetchpriority=\"high\" decoding=\"async\" width=\"1600\" height=\"750\" src=\"https:\/\/daferera.de\/wp-content\/uploads\/2021\/12\/Uberfuhrung-des-Leichnams.jpg\" class=\"attachment-full size-full wp-image-7970\" alt=\"\" srcset=\"https:\/\/daferera.de\/wp-content\/uploads\/2021\/12\/Uberfuhrung-des-Leichnams.jpg 1600w, https:\/\/daferera.de\/wp-content\/uploads\/2021\/12\/Uberfuhrung-des-Leichnams-300x141.jpg 300w, https:\/\/daferera.de\/wp-content\/uploads\/2021\/12\/Uberfuhrung-des-Leichnams-1024x480.jpg 1024w, https:\/\/daferera.de\/wp-content\/uploads\/2021\/12\/Uberfuhrung-des-Leichnams-768x360.jpg 768w, https:\/\/daferera.de\/wp-content\/uploads\/2021\/12\/Uberfuhrung-des-Leichnams-1536x720.jpg 1536w, https:\/\/daferera.de\/wp-content\/uploads\/2021\/12\/Uberfuhrung-des-Leichnams-18x8.jpg 18w, https:\/\/daferera.de\/wp-content\/uploads\/2021\/12\/Uberfuhrung-des-Leichnams-500x234.jpg 500w\" sizes=\"(max-width: 1600px) 100vw, 1600px\" \/>\t\t\t\t\t\t\t\t\t\t\t\t\t\t\t<\/div>\n\t\t\t\t<\/div>\n\t\t\t\t\t<\/div>\n\t\t<\/div>\n\t\t\t\t\t<\/div>\n\t\t<\/div>\n\t\t\t\t<div class=\"elementor-section elementor-top-section elementor-element elementor-element-95c15eb elementor-section-boxed elementor-section-height-default elementor-section-height-default\" data-id=\"95c15eb\" data-element_type=\"section\">\n\t\t\t\t\t\t<div class=\"elementor-container elementor-column-gap-default\">\n\t\t\t\t\t<div class=\"elementor-column elementor-col-100 elementor-top-column elementor-element elementor-element-e88c13c\" data-id=\"e88c13c\" data-element_type=\"column\">\n\t\t\t<div class=\"elementor-widget-wrap elementor-element-populated\">\n\t\t\t\t\t\t<div class=\"elementor-element elementor-element-bb06031 elementor-widget-divider--view-line_icon elementor-widget-divider--separator-type-pattern elementor-view-default elementor-widget-divider--element-align-center elementor-widget elementor-widget-divider\" data-id=\"bb06031\" data-element_type=\"widget\" data-widget_type=\"divider.default\">\n\t\t\t\t<div class=\"elementor-widget-container\">\n\t\t\t\t\t\t\t<div class=\"elementor-divider\" style=\"--divider-pattern-url: url(&quot;data:image\/svg+xml,%3Csvg xmlns=&#039;http:\/\/www.w3.org\/2000\/svg&#039; preserveAspectRatio=&#039;none&#039; overflow=&#039;visible&#039; height=&#039;100%&#039; viewBox=&#039;0 0 24 24&#039; fill=&#039;none&#039; stroke=&#039;black&#039; stroke-width=&#039;1&#039; stroke-linecap=&#039;square&#039; stroke-miterlimit=&#039;10&#039;%3E%3Cpath d=&#039;M0,6c6,0,0.9,11.1,6.9,11.1S18,6,24,6&#039;\/%3E%3C\/svg%3E&quot;);\">\n\t\t\t<span class=\"elementor-divider-separator\">\n\t\t\t\t\t\t\t<div class=\"elementor-icon elementor-divider__element\">\n\t\t\t\t\t<i aria-hidden=\"true\" class=\"fas fa-cross\"><\/i><\/div>\n\t\t\t\t\t\t<\/span>\n\t\t<\/div>\n\t\t\t\t\t\t<\/div>\n\t\t\t\t<\/div>\n\t\t\t\t\t<\/div>\n\t\t<\/div>\n\t\t\t\t\t<\/div>\n\t\t<\/div>\n\t\t\t\t<div class=\"elementor-section elementor-top-section elementor-element elementor-element-8654629 elementor-section-boxed elementor-section-height-default elementor-section-height-default\" data-id=\"8654629\" data-element_type=\"section\">\n\t\t\t\t\t\t<div class=\"elementor-container elementor-column-gap-default\">\n\t\t\t\t\t<div class=\"elementor-column elementor-col-100 elementor-top-column elementor-element elementor-element-97c529f\" data-id=\"97c529f\" data-element_type=\"column\">\n\t\t\t<div class=\"elementor-widget-wrap elementor-element-populated\">\n\t\t\t\t\t\t<div class=\"elementor-element elementor-element-93e7078 elementor-widget elementor-widget-heading\" data-id=\"93e7078\" data-element_type=\"widget\" data-widget_type=\"heading.default\">\n\t\t\t\t<div class=\"elementor-widget-container\">\n\t\t\t\t\t<h1 class=\"elementor-heading-title elementor-size-default\">\u0395\u03b9\u03b4\u03b9\u03ba\u03b5\u03c5\u03cc\u03bc\u03b1\u03c3\u03c4\u03b5 \u03c3\u03c4\u03bf\u03bd \u03b5\u03c0\u03b1\u03bd\u03b1\u03c0\u03b1\u03c4\u03c1\u03b9\u03c3\u03bc\u03cc \n<\/h1>\t\t\t\t<\/div>\n\t\t\t\t<\/div>\n\t\t\t\t\t<\/div>\n\t\t<\/div>\n\t\t\t\t\t<\/div>\n\t\t<\/div>\n\t\t\t\t<section class=\"elementor-section elementor-top-section elementor-element elementor-element-f2b40f5 elementor-section-boxed elementor-section-height-default elementor-section-height-default\" data-id=\"f2b40f5\" data-element_type=\"section\">\n\t\t\t\t\t\t<div class=\"elementor-container elementor-column-gap-default\">\n\t\t\t\t\t<div class=\"elementor-column elementor-col-100 elementor-top-column elementor-element elementor-element-25187a8\" data-id=\"25187a8\" data-element_type=\"column\">\n\t\t\t<div class=\"elementor-widget-wrap elementor-element-populated\">\n\t\t\t\t\t\t<div class=\"elementor-element elementor-element-c516d42 elementor-widget elementor-widget-text-editor\" data-id=\"c516d42\" data-element_type=\"widget\" data-widget_type=\"text-editor.default\">\n\t\t\t\t<div class=\"elementor-widget-container\">\n\t\t\t\t\t\t\t\t\t<p>\u0388\u03c7\u03bf\u03bd\u03c4\u03b1\u03c2 \u03b3\u03bd\u03ce\u03c3\u03b7 \u03c4\u03bf\u03c5 \u03c0\u03cc\u03c3\u03bf \u03c3\u03b7\u03bc\u03b1\u03bd\u03c4\u03b9\u03ba\u03cc \u03b5\u03af\u03bd\u03b1\u03b9 \u03b3\u03b9\u03b1 \u03c4\u03bf\u03bd \u03ba\u03ac\u03b8\u03b5 \u03ac\u03bd\u03b8\u03c1\u03c9\u03c0\u03bf \u03bf \u03b5\u03bd\u03c4\u03b1\u03c6\u03b9\u03b1\u03c3\u03bc\u03cc\u03c2 \u03c3\u03c4\u03b7\u03bd \u03c0\u03b1\u03c4\u03c1\u03af\u03b4\u03b1 \u03c4\u03bf\u03c5, \u03b1\u03bd\u03b1\u03bb\u03b1\u03bc\u03b2\u03ac\u03bd\u03bf\u03c5\u03bc\u03b5 \u03bc\u03b5 \u03b9\u03b4\u03b9\u03b1\u03af\u03c4\u03b5\u03c1\u03b7 \u03b5\u03c5\u03b1\u03b9\u03c3\u03b8\u03b7\u03c3\u03af\u03b1 \u03ba\u03b1\u03b9 \u03c0\u03c1\u03bf\u03c3\u03bf\u03c7\u03ae, \u03bc\u03b5 \u03b5\u03be\u03b5\u03b9\u03b4\u03af\u03ba\u03b5\u03c5\u03c3\u03b7 \u03ba\u03b1\u03b9 \u03c3\u03b5\u03b2\u03b1\u03c3\u03bc\u03cc, \u03c4\u03b7\u03bd \u03b1\u03c0\u03bf\u03c3\u03c4\u03bf\u03bb\u03ae \u03c4\u03c9\u03bd \u03c3\u03bf\u03c1\u03ce\u03bd \u03c4\u03c9\u03bd \u03b1\u03c0\u03bf\u03b8\u03b1\u03bd\u03cc\u03bd\u03c4\u03c9\u03bd \u03c3\u03c4\u03b7\u03bd \u03c0\u03b1\u03c4\u03c1\u03af\u03b4\u03b1.<\/p><p>\u0395\u03be\u03b5\u03b9\u03b4\u03b9\u03ba\u03b5\u03c5\u03bc\u03ad\u03bd\u03bf \u03ba\u03b1\u03b9 \u03ac\u03c1\u03c4\u03b9\u03b1 \u03ba\u03b1\u03c4\u03b1\u03c1\u03c4\u03b9\u03c3\u03bc\u03ad\u03bd\u03bf \u03c0\u03c1\u03bf\u03c3\u03c9\u03c0\u03b9\u03ba\u03cc, \u03b1\u03bd\u03b1\u03bb\u03b1\u03bc\u03b2\u03ac\u03bd\u03b5\u03b9 \u03c4\u03b7\u03bd \u03c4\u03b1\u03c1\u03af\u03c7\u03b5\u03c5\u03c3\u03b7 \u03c0\u03bf\u03c5 \u03b5\u03af\u03bd\u03b1\u03b9 \u03b1\u03c0\u03b1\u03c1\u03b1\u03af\u03c4\u03b7\u03c4\u03b7 \u03b3\u03b9\u03b1 \u03c4\u03b7 \u03bc\u03b5\u03c4\u03b1\u03c6\u03bf\u03c1\u03ac.<\/p><p>\u038c\u03bb\u03b5\u03c2 \u03bf\u03b9 \u03b4\u03b9\u03b1\u03b4\u03b9\u03ba\u03b1\u03c3\u03af\u03b5\u03c2 \u03b4\u03b9\u03b5\u03ba\u03c0\u03b5\u03c1\u03b1\u03b9\u03ce\u03bd\u03bf\u03bd\u03c4\u03b1\u03b9 \u03bc\u03ad\u03c3\u03c9 \u03ba\u03c1\u03b1\u03c4\u03b9\u03ba\u03ce\u03bd \u03c6\u03bf\u03c1\u03ad\u03c9\u03bd, \u03bf\u03b9 \u03bf\u03c0\u03bf\u03af\u03bf\u03b9 \u03bc\u03b1\u03c2 \u03b4\u03b5\u03af\u03c7\u03bd\u03bf\u03c5\u03bd \u03c4\u03b7\u03bd \u03b5\u03bc\u03c0\u03b9\u03c3\u03c4\u03bf\u03c3\u03cd\u03bd\u03b7 \u03c4\u03bf\u03c5\u03c2.<\/p><p>\u03a0\u03b9\u03bf \u03c3\u03c5\u03b3\u03ba\u03b5\u03ba\u03c1\u03b9\u03bc\u03ad\u03bd\u03b1, \u03c4\u03b1 \u03b3\u03c1\u03b1\u03c6\u03b5\u03af\u03b1 \u03bc\u03b1\u03c2 \u03c7\u03b1\u03af\u03c1\u03bf\u03c5\u03bd \u03c4\u03b7\u03c2 \u03c0\u03bb\u03ae\u03c1\u03bf\u03c5\u03c2 \u03b5\u03bc\u03c0\u03b9\u03c3\u03c4\u03bf\u03c3\u03cd\u03bd\u03b7\u03c2 \u03ba\u03b1\u03b9 \u03c3\u03c5\u03bd\u03b5\u03c1\u03b3\u03ac\u03b6\u03bf\u03bd\u03c4\u03b1\u03b9 \u03bc\u03b5 \u03c4\u03bf \u0395\u03bb\u03bb\u03b7\u03bd\u03b9\u03ba\u03cc \u03ba\u03c1\u03ac\u03c4\u03bf\u03c2, \u03c4\u03bf \u0393\u03b5\u03c1\u03bc\u03b1\u03bd\u03b9\u03ba\u03cc \u03ba\u03c1\u03ac\u03c4\u03bf\u03c2, \u03c4\u03b9\u03c2 \u0397\u03a0\u0391, \u03c4\u03bf \u0392\u03b1\u03c3\u03af\u03bb\u03b5\u03b9\u03bf \u03c4\u03bf\u03c5 \u039c\u03b1\u03c1\u03cc\u03ba\u03bf, \u03c4\u03b7 \u0394\u03b7\u03bc\u03bf\u03ba\u03c1\u03b1\u03c4\u03af\u03b1 \u03c4\u03b7\u03c2 \u039a\u03af\u03bd\u03b1\u03c2 \u03ba.\u03b1, <strong>\u03b5\u03bd\u03ce \u03b5\u03af\u03bd\u03b1\u03b9 \u03c4\u03bf \u03c0\u03c1\u03ce\u03c4\u03bf \u03b9\u03b4\u03c1\u03c5\u03b8\u03ad\u03bd \u0395\u03bb\u03bb\u03b7\u03bd\u03b9\u03ba\u03cc \u03b3\u03c1\u03b1\u03c6\u03b5\u03af\u03bf \u03c4\u03b5\u03bb\u03b5\u03c4\u03ce\u03bd \u03c3\u03c4\u03b7 \u0393\u03b5\u03c1\u03bc\u03b1\u03bd\u03af\u03b1<\/strong>.<\/p><p>\u039f \u03c3\u03c4\u03cc\u03bb\u03bf\u03c2 \u03bc\u03b1\u03c2 \u03b1\u03c0\u03bf\u03c4\u03b5\u03bb\u03b5\u03af\u03c4\u03b1\u03b9 \u03b1\u03c0\u03cc 5 \u03c0\u03bf\u03bb\u03c5\u03c4\u03b5\u03bb\u03ae \u03b1\u03c5\u03c4\u03bf\u03ba\u03af\u03bd\u03b7\u03c4\u03b1 \u03b3\u03b9\u03b1 \u03c4\u03b7 \u03bc\u03b5\u03c4\u03b1\u03c6\u03bf\u03c1\u03ac \u03c4\u03c9\u03bd \u03c3\u03bf\u03c1\u03ce\u03bd \u03ba\u03b1\u03b9 \u03c3\u03c5\u03bd\u03b5\u03c1\u03b3\u03b1\u03b6\u03cc\u03bc\u03b1\u03c3\u03c4\u03b5 \u03bc\u03b5 \u03c4\u03b9\u03c2 \u03bc\u03b5\u03b3\u03b1\u03bb\u03cd\u03c4\u03b5\u03c1\u03b5\u03c2 cargo \u03ba\u03b1\u03b9 \u03b1\u03b5\u03c1\u03bf\u03c0\u03bf\u03c1\u03b9\u03ba\u03ad\u03c2 \u03b5\u03c4\u03b1\u03b9\u03c1\u03b5\u03af\u03b5\u03c2, \u03b3\u03b9\u03b1 \u03bd\u03b1 \u03c3\u03b1\u03c2 \u03c0\u03b1\u03c1\u03ad\u03c7\u03bf\u03c5\u03bc\u03b5 \u03c4\u03bf \u03ba\u03b1\u03bb\u03cd\u03c4\u03b5\u03c1\u03bf \u03b1\u03c0\u03bf\u03c4\u03ad\u03bb\u03b5\u03c3\u03bc\u03b1.<\/p><p>\u03a0\u03ad\u03c1\u03b1\u03bd \u03c4\u03b7\u03c2 \u03bc\u03b5\u03c4\u03b1\u03c6\u03bf\u03c1\u03ac\u03c2 \u03c4\u03b7\u03c2 \u03c3\u03bf\u03c1\u03bf\u03cd \u03c4\u03bf\u03c5 \u03b1\u03c0\u03bf\u03b8\u03b1\u03bd\u03cc\u03bd\u03c4\u03bf\u03c2, \u03c4\u03bf \u03b3\u03c1\u03b1\u03c6\u03b5\u03af\u03bf \u03bc\u03b1\u03c2 \u03b1\u03bd\u03b1\u03bb\u03b1\u03bc\u03b2\u03ac\u03bd\u03b5\u03b9 \u03ba\u03b1\u03b9 \u03cc\u03bb\u03b7 \u03c4\u03b7 \u03b3\u03c1\u03b1\u03c6\u03b5\u03b9\u03bf\u03ba\u03c1\u03b1\u03c4\u03b9\u03ba\u03ae \u03b4\u03b9\u03b1\u03b4\u03b9\u03ba\u03b1\u03c3\u03af\u03b1 \u03c3\u03c4\u03b1 \u03c0\u03c1\u03bf\u03be\u03b5\u03bd\u03b5\u03af\u03b1 \/ \u03c0\u03c1\u03b5\u03c3\u03b2\u03b5\u03af\u03b5\u03c2.<\/p>\t\t\t\t\t\t\t\t<\/div>\n\t\t\t\t<\/div>\n\t\t\t\t\t<\/div>\n\t\t<\/div>\n\t\t\t\t\t<\/div>\n\t\t<\/section>\n\t\t\t\t<section class=\"elementor-section elementor-top-section elementor-element elementor-element-ad487a9 elementor-section-boxed elementor-section-height-default elementor-section-height-default\" data-id=\"ad487a9\" data-element_type=\"section\">\n\t\t\t\t\t\t<div class=\"elementor-container elementor-column-gap-default\">\n\t\t\t\t\t<div class=\"elementor-column elementor-col-100 elementor-top-column elementor-element elementor-element-e917b7a\" data-id=\"e917b7a\" data-element_type=\"column\">\n\t\t\t<div class=\"elementor-widget-wrap elementor-element-populated\">\n\t\t\t\t\t\t<div class=\"elementor-element elementor-element-3f9272f elementor-mobile-align-center animated-fast elementor-invisible elementor-widget elementor-widget-button\" data-id=\"3f9272f\" data-element_type=\"widget\" data-settings=\"{&quot;_animation&quot;:&quot;opal-move-right&quot;}\" data-widget_type=\"button.default\">\n\t\t\t\t<div class=\"elementor-widget-container\">\n\t\t\t\t\t\t\t\t\t<div class=\"elementor-button-wrapper\">\n\t\t\t\t\t<a class=\"elementor-button elementor-button-link elementor-size-lg\" href=\"https:\/\/daferera.de\/el\/contact\/\">\n\t\t\t\t\t\t<span class=\"elementor-button-content-wrapper\">\n\t\t\t\t\t\t\t\t\t<span class=\"elementor-button-text\">\u0395\u03c0\u03b9\u03ba\u03bf\u03b9\u03bd\u03c9\u03bd\u03ae\u03c3\u03c4\u03b5 \u03bc\u03b1\u03b6\u03af \u03bc\u03b1\u03c2<\/span>\n\t\t\t\t\t<\/span>\n\t\t\t\t\t<\/a>\n\t\t\t\t<\/div>\n\t\t\t\t\t\t\t\t<\/div>\n\t\t\t\t<\/div>\n\t\t\t\t\t<\/div>\n\t\t<\/div>\n\t\t\t\t\t<\/div>\n\t\t<\/section>\n\t\t\t\t<\/div>","protected":false},"excerpt":{"rendered":"<p>Wir sind spezialisiert auf Repatriierung Da uns bewusst ist, wie wichtig es f\u00fcr jeden Menschen ist, in seiner Heimat beigesetzt zu werden, \u00fcbernehmen wir mit besonderer Sensibilit\u00e4t und Aufmerksamkeit, mit Spezialisierung und Respekt, die \u00dcberf\u00fchrung der Leichen in die Heimat. Fachkundiges und gut ausgebildetes Personal \u00fcbernimmt die f\u00fcr die \u00dcberf\u00fchrung notwendige Einbalsamierung. Alle Vorg\u00e4nge werden [&hellip;]<\/p>","protected":false},"author":1,"featured_media":0,"parent":0,"menu_order":2,"comment_status":"closed","ping_status":"closed","template":"elementor_header_footer","meta":{"inline_featured_image":false,"footnotes":""},"class_list":["post-7331","page","type-page","status-publish","hentry"],"yoast_head":"<!-- This site is optimized with the Yoast SEO plugin v26.5 - https:\/\/yoast.com\/wordpress\/plugins\/seo\/ -->\n<title>Repatriierung - Daferera<\/title>\n<meta name=\"robots\" content=\"index, follow, max-snippet:-1, max-image-preview:large, max-video-preview:-1\" \/>\n<link rel=\"canonical\" href=\"https:\/\/daferera.de\/el\/repatriierung\/\" \/>\n<meta property=\"og:locale\" content=\"el_GR\" \/>\n<meta property=\"og:type\" content=\"article\" \/>\n<meta property=\"og:title\" content=\"Repatriierung - Daferera\" \/>\n<meta property=\"og:description\" content=\"Wir sind spezialisiert auf Repatriierung Da uns bewusst ist, wie wichtig es f\u00fcr jeden Menschen ist, in seiner Heimat beigesetzt zu werden, \u00fcbernehmen wir mit besonderer Sensibilit\u00e4t und Aufmerksamkeit, mit Spezialisierung und Respekt, die \u00dcberf\u00fchrung der Leichen in die Heimat. Fachkundiges und gut ausgebildetes Personal \u00fcbernimmt die f\u00fcr die \u00dcberf\u00fchrung notwendige Einbalsamierung. Alle Vorg\u00e4nge werden [&hellip;]\" \/>\n<meta property=\"og:url\" content=\"https:\/\/daferera.de\/el\/repatriierung\/\" \/>\n<meta property=\"og:site_name\" content=\"Daferera\" \/>\n<meta property=\"article:publisher\" content=\"https:\/\/www.facebook.com\/%ce%93%cf%81%ce%b1%cf%86%ce%b5%ce%af%ce%b1-%ce%a4%ce%b5%ce%bb%ce%b5%cf%84%cf%8e%ce%bd-%ce%94%ce%b1%cf%86%ce%b5%cf%81%ce%ad%cf%81%ce%b1-Bestattungen-Daferera-348638208483869\/\" \/>\n<meta property=\"article:modified_time\" content=\"2022-05-08T00:59:29+00:00\" \/>\n<meta property=\"og:image\" content=\"https:\/\/daferera.de\/wp-content\/uploads\/2021\/12\/Uberfuhrung-des-Leichnams.jpg\" \/>\n<meta name=\"twitter:card\" content=\"summary_large_image\" \/>\n<meta name=\"twitter:label1\" content=\"\u0395\u03ba\u03c4\u03b9\u03bc\u03ce\u03bc\u03b5\u03bd\u03bf\u03c2 \u03c7\u03c1\u03cc\u03bd\u03bf\u03c2 \u03b1\u03bd\u03ac\u03b3\u03bd\u03c9\u03c3\u03b7\u03c2\" \/>\n\t<meta name=\"twitter:data1\" content=\"1 \u03bb\u03b5\u03c0\u03c4\u03cc\" \/>\n<script type=\"application\/ld+json\" class=\"yoast-schema-graph\">{\"@context\":\"https:\/\/schema.org\",\"@graph\":[{\"@type\":\"WebPage\",\"@id\":\"https:\/\/daferera.de\/repatriierung\/\",\"url\":\"https:\/\/daferera.de\/repatriierung\/\",\"name\":\"Repatriierung - Daferera\",\"isPartOf\":{\"@id\":\"https:\/\/daferera.de\/#website\"},\"primaryImageOfPage\":{\"@id\":\"https:\/\/daferera.de\/repatriierung\/#primaryimage\"},\"image\":{\"@id\":\"https:\/\/daferera.de\/repatriierung\/#primaryimage\"},\"thumbnailUrl\":\"https:\/\/daferera.de\/wp-content\/uploads\/2021\/12\/Uberfuhrung-des-Leichnams.jpg\",\"datePublished\":\"2021-12-05T15:45:54+00:00\",\"dateModified\":\"2022-05-08T00:59:29+00:00\",\"breadcrumb\":{\"@id\":\"https:\/\/daferera.de\/repatriierung\/#breadcrumb\"},\"inLanguage\":\"el\",\"potentialAction\":[{\"@type\":\"ReadAction\",\"target\":[\"https:\/\/daferera.de\/repatriierung\/\"]}]},{\"@type\":\"ImageObject\",\"inLanguage\":\"el\",\"@id\":\"https:\/\/daferera.de\/repatriierung\/#primaryimage\",\"url\":\"https:\/\/daferera.de\/wp-content\/uploads\/2021\/12\/Uberfuhrung-des-Leichnams.jpg\",\"contentUrl\":\"https:\/\/daferera.de\/wp-content\/uploads\/2021\/12\/Uberfuhrung-des-Leichnams.jpg\"},{\"@type\":\"BreadcrumbList\",\"@id\":\"https:\/\/daferera.de\/repatriierung\/#breadcrumb\",\"itemListElement\":[{\"@type\":\"ListItem\",\"position\":1,\"name\":\"Home\",\"item\":\"https:\/\/daferera.de\/\"},{\"@type\":\"ListItem\",\"position\":2,\"name\":\"Repatriierung\"}]},{\"@type\":\"WebSite\",\"@id\":\"https:\/\/daferera.de\/#website\",\"url\":\"https:\/\/daferera.de\/\",\"name\":\"Daferera\",\"description\":\"Bestattungsdienste\",\"publisher\":{\"@id\":\"https:\/\/daferera.de\/#organization\"},\"potentialAction\":[{\"@type\":\"SearchAction\",\"target\":{\"@type\":\"EntryPoint\",\"urlTemplate\":\"https:\/\/daferera.de\/?s={search_term_string}\"},\"query-input\":{\"@type\":\"PropertyValueSpecification\",\"valueRequired\":true,\"valueName\":\"search_term_string\"}}],\"inLanguage\":\"el\"},{\"@type\":\"Organization\",\"@id\":\"https:\/\/daferera.de\/#organization\",\"name\":\"Bestattungen DAFERERA\",\"url\":\"https:\/\/daferera.de\/\",\"logo\":{\"@type\":\"ImageObject\",\"inLanguage\":\"el\",\"@id\":\"https:\/\/daferera.de\/#\/schema\/logo\/image\/\",\"url\":\"https:\/\/daferera.de\/wp-content\/uploads\/2022\/01\/Daferera-german-logo-1.png\",\"contentUrl\":\"https:\/\/daferera.de\/wp-content\/uploads\/2022\/01\/Daferera-german-logo-1.png\",\"width\":1188,\"height\":423,\"caption\":\"Bestattungen DAFERERA\"},\"image\":{\"@id\":\"https:\/\/daferera.de\/#\/schema\/logo\/image\/\"},\"sameAs\":[\"https:\/\/www.facebook.com\/\u0393\u03c1\u03b1\u03c6\u03b5\u03af\u03b1-\u03a4\u03b5\u03bb\u03b5\u03c4\u03ce\u03bd-\u0394\u03b1\u03c6\u03b5\u03c1\u03ad\u03c1\u03b1-Bestattungen-Daferera-348638208483869\/\"]}]}<\/script>\n<!-- \/ Yoast SEO plugin. -->","yoast_head_json":{"title":"Repatriierung - Daferera","robots":{"index":"index","follow":"follow","max-snippet":"max-snippet:-1","max-image-preview":"max-image-preview:large","max-video-preview":"max-video-preview:-1"},"canonical":"https:\/\/daferera.de\/el\/repatriierung\/","og_locale":"el_GR","og_type":"article","og_title":"Repatriierung - Daferera","og_description":"Wir sind spezialisiert auf Repatriierung Da uns bewusst ist, wie wichtig es f\u00fcr jeden Menschen ist, in seiner Heimat beigesetzt zu werden, \u00fcbernehmen wir mit besonderer Sensibilit\u00e4t und Aufmerksamkeit, mit Spezialisierung und Respekt, die \u00dcberf\u00fchrung der Leichen in die Heimat. Fachkundiges und gut ausgebildetes Personal \u00fcbernimmt die f\u00fcr die \u00dcberf\u00fchrung notwendige Einbalsamierung. Alle Vorg\u00e4nge werden [&hellip;]","og_url":"https:\/\/daferera.de\/el\/repatriierung\/","og_site_name":"Daferera","article_publisher":"https:\/\/www.facebook.com\/%ce%93%cf%81%ce%b1%cf%86%ce%b5%ce%af%ce%b1-%ce%a4%ce%b5%ce%bb%ce%b5%cf%84%cf%8e%ce%bd-%ce%94%ce%b1%cf%86%ce%b5%cf%81%ce%ad%cf%81%ce%b1-Bestattungen-Daferera-348638208483869\/","article_modified_time":"2022-05-08T00:59:29+00:00","og_image":[{"url":"https:\/\/daferera.de\/wp-content\/uploads\/2021\/12\/Uberfuhrung-des-Leichnams.jpg","type":"","width":"","height":""}],"twitter_card":"summary_large_image","twitter_misc":{"\u0395\u03ba\u03c4\u03b9\u03bc\u03ce\u03bc\u03b5\u03bd\u03bf\u03c2 \u03c7\u03c1\u03cc\u03bd\u03bf\u03c2 \u03b1\u03bd\u03ac\u03b3\u03bd\u03c9\u03c3\u03b7\u03c2":"1 \u03bb\u03b5\u03c0\u03c4\u03cc"},"schema":{"@context":"https:\/\/schema.org","@graph":[{"@type":"WebPage","@id":"https:\/\/daferera.de\/repatriierung\/","url":"https:\/\/daferera.de\/repatriierung\/","name":"Repatriierung - Daferera","isPartOf":{"@id":"https:\/\/daferera.de\/#website"},"primaryImageOfPage":{"@id":"https:\/\/daferera.de\/repatriierung\/#primaryimage"},"image":{"@id":"https:\/\/daferera.de\/repatriierung\/#primaryimage"},"thumbnailUrl":"https:\/\/daferera.de\/wp-content\/uploads\/2021\/12\/Uberfuhrung-des-Leichnams.jpg","datePublished":"2021-12-05T15:45:54+00:00","dateModified":"2022-05-08T00:59:29+00:00","breadcrumb":{"@id":"https:\/\/daferera.de\/repatriierung\/#breadcrumb"},"inLanguage":"el","potentialAction":[{"@type":"ReadAction","target":["https:\/\/daferera.de\/repatriierung\/"]}]},{"@type":"ImageObject","inLanguage":"el","@id":"https:\/\/daferera.de\/repatriierung\/#primaryimage","url":"https:\/\/daferera.de\/wp-content\/uploads\/2021\/12\/Uberfuhrung-des-Leichnams.jpg","contentUrl":"https:\/\/daferera.de\/wp-content\/uploads\/2021\/12\/Uberfuhrung-des-Leichnams.jpg"},{"@type":"BreadcrumbList","@id":"https:\/\/daferera.de\/repatriierung\/#breadcrumb","itemListElement":[{"@type":"ListItem","position":1,"name":"Home","item":"https:\/\/daferera.de\/"},{"@type":"ListItem","position":2,"name":"Repatriierung"}]},{"@type":"WebSite","@id":"https:\/\/daferera.de\/#website","url":"https:\/\/daferera.de\/","name":"\u0393\u03c1\u03b1\u03c6\u03b5\u03af\u03b1 \u03a4\u03b5\u03bb\u03b5\u03c4\u03ce\u03bd \"\u0394\u03b1\u03c6\u03b5\u03c1\u03ad\u03c1\u03b1\"","description":"\u03a5\u03c0\u03b7\u03c1\u03b5\u03c3\u03af\u03b5\u03c2 \u03ba\u03b7\u03b4\u03b5\u03b9\u03ce\u03bd","publisher":{"@id":"https:\/\/daferera.de\/#organization"},"potentialAction":[{"@type":"SearchAction","target":{"@type":"EntryPoint","urlTemplate":"https:\/\/daferera.de\/?s={search_term_string}"},"query-input":{"@type":"PropertyValueSpecification","valueRequired":true,"valueName":"search_term_string"}}],"inLanguage":"el"},{"@type":"Organization","@id":"https:\/\/daferera.de\/#organization","name":"Bestattungen DAFERERA","url":"https:\/\/daferera.de\/","logo":{"@type":"ImageObject","inLanguage":"el","@id":"https:\/\/daferera.de\/#\/schema\/logo\/image\/","url":"https:\/\/daferera.de\/wp-content\/uploads\/2022\/01\/Daferera-german-logo-1.png","contentUrl":"https:\/\/daferera.de\/wp-content\/uploads\/2022\/01\/Daferera-german-logo-1.png","width":1188,"height":423,"caption":"Bestattungen DAFERERA"},"image":{"@id":"https:\/\/daferera.de\/#\/schema\/logo\/image\/"},"sameAs":["https:\/\/www.facebook.com\/\u0393\u03c1\u03b1\u03c6\u03b5\u03af\u03b1-\u03a4\u03b5\u03bb\u03b5\u03c4\u03ce\u03bd-\u0394\u03b1\u03c6\u03b5\u03c1\u03ad\u03c1\u03b1-Bestattungen-Daferera-348638208483869\/"]}]}},"_links":{"self":[{"href":"https:\/\/daferera.de\/el\/wp-json\/wp\/v2\/pages\/7331","targetHints":{"allow":["GET"]}}],"collection":[{"href":"https:\/\/daferera.de\/el\/wp-json\/wp\/v2\/pages"}],"about":[{"href":"https:\/\/daferera.de\/el\/wp-json\/wp\/v2\/types\/page"}],"author":[{"embeddable":true,"href":"https:\/\/daferera.de\/el\/wp-json\/wp\/v2\/users\/1"}],"replies":[{"embeddable":true,"href":"https:\/\/daferera.de\/el\/wp-json\/wp\/v2\/comments?post=7331"}],"version-history":[{"count":9,"href":"https:\/\/daferera.de\/el\/wp-json\/wp\/v2\/pages\/7331\/revisions"}],"predecessor-version":[{"id":8677,"href":"https:\/\/daferera.de\/el\/wp-json\/wp\/v2\/pages\/7331\/revisions\/8677"}],"wp:attachment":[{"href":"https:\/\/daferera.de\/el\/wp-json\/wp\/v2\/media?parent=7331"}],"curies":[{"name":"wp","href":"https:\/\/api.w.org\/{rel}","templated":true}]}}